{"id":1563,"date":"2025-06-11T08:37:26","date_gmt":"2025-06-11T06:37:26","guid":{"rendered":"https:\/\/hypabox.com\/pie-de-imprenta\/"},"modified":"2026-01-22T10:34:04","modified_gmt":"2026-01-22T09:34:04","slug":"pie-de-imprenta","status":"publish","type":"page","link":"https:\/\/hypabox.com\/es\/pie-de-imprenta\/","title":{"rendered":"Pie de imprenta"},"content":{"rendered":"<style>.kb-row-layout-id365_c2ba23-94 > .kt-row-column-wrap{align-content:end;}:where(.kb-row-layout-id365_c2ba23-94 > .kt-row-column-wrap) > .wp-block-kadence-column{justify-content:end;}.kb-row-layout-id365_c2ba23-94 > .kt-row-column-wrap{column-gap:var(--global-kb-gap-md, 2rem);row-gap:var(--global-kb-gap-md, 2rem);max-width:700px;margin-left:auto;margin-right:auto;padding-top:125px;padding-right:20px;padding-bottom:100px;padding-left:20px;grid-template-columns:minmax(0, 1fr);}.kb-row-layout-id365_c2ba23-94{background-image:url('http:\/\/hypabox.com\/wp-content\/uploads\/2025\/06\/a-courier-wearing-a-mask-standing-in.jpeg');background-size:cover;background-position:49% 53%;background-attachment:scroll;background-repeat:no-repeat;}.kb-row-layout-id365_c2ba23-94 > .kt-row-layout-overlay{opacity:0.75;background-color:var(--global-palette4, #2D3748);mix-blend-mode:normal;}@media all and (max-width: 1024px){.kb-row-layout-id365_c2ba23-94 > .kt-row-column-wrap{grid-template-columns:minmax(0, 1fr);}}@media all and (max-width: 767px){.kb-row-layout-id365_c2ba23-94 > .kt-row-column-wrap{grid-template-columns:minmax(0, 1fr);}}<\/style><div class=\"kb-row-layout-wrap kb-row-layout-id365_c2ba23-94 alignfull has-theme-palette4-background-color kt-row-has-bg wp-block-kadence-rowlayout\"><div class=\"kt-row-layout-overlay kt-row-overlay-normal\"><\/div><div class=\"kt-row-column-wrap kt-has-1-columns kt-row-layout-equal kt-tab-layout-inherit kt-mobile-layout-row kt-row-valign-bottom\">\n<style>.kadence-column365_e11d76-dc > .kt-inside-inner-col{display:flex;}.kadence-column365_e11d76-dc > .kt-inside-inner-col,.kadence-column365_e11d76-dc > .kt-inside-inner-col:before{border-top-left-radius:0px;border-top-right-radius:0px;border-bottom-right-radius:0px;border-bottom-left-radius:0px;}.kadence-column365_e11d76-dc > .kt-inside-inner-col{column-gap:var(--global-kb-gap-sm, 1rem);}.kadence-column365_e11d76-dc > .kt-inside-inner-col{flex-direction:column;justify-content:center;}.kadence-column365_e11d76-dc > .kt-inside-inner-col > .aligncenter{width:100%;}.kt-row-column-wrap > .kadence-column365_e11d76-dc{align-self:center;}.kt-inner-column-height-full:not(.kt-has-1-columns) > .wp-block-kadence-column.kadence-column365_e11d76-dc{align-self:auto;}.kt-inner-column-height-full:not(.kt-has-1-columns) > .wp-block-kadence-column.kadence-column365_e11d76-dc > .kt-inside-inner-col{flex-direction:column;justify-content:center;}.kadence-column365_e11d76-dc > .kt-inside-inner-col:before{opacity:0.3;}.kadence-column365_e11d76-dc{position:relative;}@media all and (max-width: 1024px){.kt-row-column-wrap > .kadence-column365_e11d76-dc{align-self:center;}}@media all and (max-width: 1024px){.kt-inner-column-height-full:not(.kt-has-1-columns) > .wp-block-kadence-column.kadence-column365_e11d76-dc{align-self:auto;}}@media all and (max-width: 1024px){.kt-inner-column-height-full:not(.kt-has-1-columns) > .wp-block-kadence-column.kadence-column365_e11d76-dc > .kt-inside-inner-col{flex-direction:column;justify-content:center;}}@media all and (max-width: 1024px){.kadence-column365_e11d76-dc > .kt-inside-inner-col{flex-direction:column;justify-content:center;}}@media all and (max-width: 767px){.kt-row-column-wrap > .kadence-column365_e11d76-dc{align-self:center;}.kt-inner-column-height-full:not(.kt-has-1-columns) > .wp-block-kadence-column.kadence-column365_e11d76-dc{align-self:auto;}.kt-inner-column-height-full:not(.kt-has-1-columns) > .wp-block-kadence-column.kadence-column365_e11d76-dc > .kt-inside-inner-col{flex-direction:column;justify-content:center;}.kadence-column365_e11d76-dc > .kt-inside-inner-col{flex-direction:column;justify-content:center;}}<\/style>\n<div class=\"wp-block-kadence-column kadence-column365_e11d76-dc inner-column-1\"><div class=\"kt-inside-inner-col\"><style>.wp-block-kadence-advancedheading.kt-adv-heading365_31369d-bf, .wp-block-kadence-advancedheading.kt-adv-heading365_31369d-bf[data-kb-block=\"kb-adv-heading365_31369d-bf\"]{text-align:center;font-style:normal;}.wp-block-kadence-advancedheading.kt-adv-heading365_31369d-bf mark.kt-highlight, .wp-block-kadence-advancedheading.kt-adv-heading365_31369d-bf[data-kb-block=\"kb-adv-heading365_31369d-bf\"] mark.kt-highlight{font-style:normal;color:#f76a0c;-webkit-box-decoration-break:clone;box-decoration-break:clone;padding-top:0px;padding-right:0px;padding-bottom:0px;padding-left:0px;}.wp-block-kadence-advancedheading.kt-adv-heading365_31369d-bf img.kb-inline-image, .wp-block-kadence-advancedheading.kt-adv-heading365_31369d-bf[data-kb-block=\"kb-adv-heading365_31369d-bf\"] img.kb-inline-image{width:150px;vertical-align:baseline;}<\/style>\n<h1 class=\"kt-adv-heading365_31369d-bf wp-block-kadence-advancedheading has-theme-palette-9-color has-text-color\" data-kb-block=\"kb-adv-heading365_31369d-bf\">Pie de imprenta<\/h1>\n<\/div><\/div>\n\n<\/div><\/div><style>.kb-row-layout-id365_8a52e6-ad > .kt-row-column-wrap{align-content:start;}:where(.kb-row-layout-id365_8a52e6-ad > .kt-row-column-wrap) > .wp-block-kadence-column{justify-content:start;}.kb-row-layout-id365_8a52e6-ad > .kt-row-column-wrap{column-gap:var(--global-kb-gap-md, 2rem);row-gap:var(--global-kb-gap-md, 2rem);padding-top:0px;padding-right:0px;padding-bottom:0px;padding-left:0px;grid-template-columns:minmax(0, 1fr);}.kb-row-layout-id365_8a52e6-ad > .kt-row-layout-overlay{opacity:0.00;}@media all and (max-width: 1024px){.kb-row-layout-id365_8a52e6-ad > .kt-row-column-wrap{grid-template-columns:minmax(0, 1fr);}}@media all and (max-width: 767px){.kb-row-layout-id365_8a52e6-ad > .kt-row-column-wrap{grid-template-columns:minmax(0, 1fr);}}<\/style><div class=\"kb-row-layout-wrap kb-row-layout-id365_8a52e6-ad alignfull has-theme-palette9-background-color kt-row-has-bg wp-block-kadence-rowlayout\"><div class=\"kt-row-column-wrap kt-has-1-columns kt-row-layout-equal kt-tab-layout-inherit kt-mobile-layout-row kt-row-valign-top\">\n<style>.kadence-column365_3de8b1-4c > .kt-inside-inner-col,.kadence-column365_3de8b1-4c > .kt-inside-inner-col:before{border-top-left-radius:0px;border-top-right-radius:0px;border-bottom-right-radius:0px;border-bottom-left-radius:0px;}.kadence-column365_3de8b1-4c > .kt-inside-inner-col{column-gap:var(--global-kb-gap-sm, 1rem);}.kadence-column365_3de8b1-4c > .kt-inside-inner-col{flex-direction:column;}.kadence-column365_3de8b1-4c > .kt-inside-inner-col > .aligncenter{width:100%;}.kadence-column365_3de8b1-4c > .kt-inside-inner-col:before{opacity:0.3;}.kadence-column365_3de8b1-4c{position:relative;}@media all and (max-width: 1024px){.kadence-column365_3de8b1-4c > .kt-inside-inner-col{flex-direction:column;justify-content:center;}}@media all and (max-width: 767px){.kadence-column365_3de8b1-4c > .kt-inside-inner-col{flex-direction:column;justify-content:center;}}<\/style>\n<div class=\"wp-block-kadence-column kadence-column365_3de8b1-4c inner-column-1\"><div class=\"kt-inside-inner-col\"><style>.kb-row-layout-id365_b40f2c-09 > .kt-row-column-wrap{align-content:center;}:where(.kb-row-layout-id365_b40f2c-09 > .kt-row-column-wrap) > .wp-block-kadence-column{justify-content:center;}.kb-row-layout-id365_b40f2c-09 > .kt-row-column-wrap{column-gap:var(--global-kb-gap-md, 2rem);row-gap:var(--global-kb-gap-md, 2rem);max-width:700px;margin-left:auto;margin-right:auto;padding-top:80px;padding-bottom:40px;grid-template-columns:minmax(0, 1fr);}.kb-row-layout-id365_b40f2c-09 > .kt-row-layout-overlay{opacity:0.30;}@media all and (max-width: 1024px){.kb-row-layout-id365_b40f2c-09 > .kt-row-column-wrap{grid-template-columns:minmax(0, 1fr);}}@media all and (max-width: 767px){.kb-row-layout-id365_b40f2c-09 > .kt-row-column-wrap{padding-right:20px;padding-bottom:50px;padding-left:20px;grid-template-columns:minmax(0, 1fr);}}<\/style><div class=\"kb-row-layout-wrap kb-row-layout-id365_b40f2c-09 alignnone wp-block-kadence-rowlayout\"><div class=\"kt-row-column-wrap kt-has-1-columns kt-row-layout-equal kt-tab-layout-inherit kt-mobile-layout-row kt-row-valign-middle\">\n<style>.kadence-column365_8671ea-2d > .kt-inside-inner-col,.kadence-column365_8671ea-2d > .kt-inside-inner-col:before{border-top-left-radius:0px;border-top-right-radius:0px;border-bottom-right-radius:0px;border-bottom-left-radius:0px;}.kadence-column365_8671ea-2d > .kt-inside-inner-col{column-gap:var(--global-kb-gap-sm, 1rem);}.kadence-column365_8671ea-2d > .kt-inside-inner-col{flex-direction:column;}.kadence-column365_8671ea-2d > .kt-inside-inner-col > .aligncenter{width:100%;}.kadence-column365_8671ea-2d > .kt-inside-inner-col:before{opacity:0.3;}.kadence-column365_8671ea-2d{position:relative;}@media all and (max-width: 1024px){.kadence-column365_8671ea-2d > .kt-inside-inner-col{flex-direction:column;justify-content:center;}}@media all and (max-width: 767px){.kadence-column365_8671ea-2d > .kt-inside-inner-col{flex-direction:column;justify-content:center;}}<\/style>\n<div class=\"wp-block-kadence-column kadence-column365_8671ea-2d inner-column-1\"><div class=\"kt-inside-inner-col\"><style>.wp-block-kadence-advancedheading.kt-adv-heading365_653cb9-6a, .wp-block-kadence-advancedheading.kt-adv-heading365_653cb9-6a[data-kb-block=\"kb-adv-heading365_653cb9-6a\"]{text-align:left;font-style:normal;}.wp-block-kadence-advancedheading.kt-adv-heading365_653cb9-6a mark.kt-highlight, .wp-block-kadence-advancedheading.kt-adv-heading365_653cb9-6a[data-kb-block=\"kb-adv-heading365_653cb9-6a\"] mark.kt-highlight{font-style:normal;color:#f76a0c;-webkit-box-decoration-break:clone;box-decoration-break:clone;padding-top:0px;padding-right:0px;padding-bottom:0px;padding-left:0px;}.wp-block-kadence-advancedheading.kt-adv-heading365_653cb9-6a img.kb-inline-image, .wp-block-kadence-advancedheading.kt-adv-heading365_653cb9-6a[data-kb-block=\"kb-adv-heading365_653cb9-6a\"] img.kb-inline-image{width:150px;vertical-align:baseline;}<\/style>\n<p class=\"kt-adv-heading365_653cb9-6a wp-block-kadence-advancedheading\" data-kb-block=\"kb-adv-heading365_653cb9-6a\">Aviso legal<br\/>Informaci\u00f3n seg\u00fan el \u00a7 5 TMG<br\/>Responsable del contenido de <a href=\"https:\/\/hypabox.com\/es\/\">https:\/\/hypabox.com<\/a>:<\/p>\n\n\n\n<p>B\u00e4cher Bergmann GmbH<br\/>Bonner Wall 27<br\/>50677 Colonia<br\/>Alemania<br\/><br\/>Representado por<br\/>Directores generales: Sebastian B\u00e4cher, Georg Bergmann, Stefan R\u00e4th<br\/><br\/>Contacto:<br\/>tel\u00e9fono: +49 221.165 331-0<br\/>fax: +49 221.165 331-90<br\/>info@hypabox.com<br\/><br\/>N\u00famero de identificaci\u00f3n a efectos del IVA seg\u00fan el art\u00edculo 27 a de la Ley del Impuesto sobre el Volumen de Negocio:<br\/>N.\u00ba IVA DE 269673266 <br\/><br\/>Inscripci\u00f3n en el registro:<br\/>Inscripci\u00f3n en el registro mercantil<br\/>Tribunal de registro: Tribunal de distrito de Colonia<br\/>N\u00famero de registro: HRB 68356<br\/>Tribunal competente: Colonia<br\/><br\/>Autoridad reguladora:<\/p>\n\n\n\n<p>Handwerkskammer K\u00f6ln<br\/>(C\u00e1mara de Oficios de Colonia)<br\/>Heumarkt 12<br\/>50667 Colonia<br\/><a href=\"https:\/\/www.hwk-koeln.de\">https:\/\/www.hwk-koeln.de<\/a><br\/><br\/>T\u00edtulo profesional y normativa profesional<br\/>T\u00edtulo profesional: Maestro carpintero<br\/>C\u00e1mara responsable: C\u00e1mara de Oficios de Colonia<br\/>Concedido por: NRW<br\/>Se aplican las siguientes normas profesionales: C\u00f3digo de Artesan\u00eda (que se encuentra en la Gaceta Jur\u00eddica Federal I, p\u00e1gina 3074 en la versi\u00f3n del 24 de septiembre de 1998)<br\/>Las normas se pueden consultar en: <a href=\"http:\/\/www.gesetze-im-internet.de\/hwo\/index.html\">http:\/\/www.gesetze-im-internet.de\/hwo\/index.html<\/a><br\/><br\/>Responsable del contenido seg\u00fan el \u00a7 55, apartado 2 RStV: 2 RStV:<br\/>Sebastian B\u00e4cher<br\/>Bonner Wall 27<br\/>50677 Colonia<br\/><br\/><strong>Resoluci\u00f3n de litigios:<\/strong><br\/>La Comisi\u00f3n Europea facilita una plataforma para la resoluci\u00f3n de litigios en l\u00ednea (ODR): <a href=\"https:\/\/ec.europa.eu\/consumers\/odr\">https:\/\/ec.europa.eu\/consumers\/odr<\/a><br\/>Puede encontrar nuestra direcci\u00f3n de correo electr\u00f3nico en el aviso legal anterior.<br\/>No estamos dispuestos ni obligados a participar en los procedimientos de resoluci\u00f3n de litigios ante una junta de arbitraje de consumo.<br\/><br\/><strong>Responsabilidad por el contenido de la p\u00e1gina de inicio<\/strong><br\/>Como proveedor de servicios, somos responsables de nuestro propio contenido en estas p\u00e1ginas en virtud de las leyes generales seg\u00fan el \u00a7 7, p\u00e1rrafo 1 de la TMG. De acuerdo con los \u00a7\u00a7 8 a 10 de la TMG, no estamos obligados a supervisar la informaci\u00f3n transmitida o almacenada ni a investigar las circunstancias que indiquen una actividad ilegal.<br\/><br\/>Las obligaciones de eliminar o bloquear el uso de la informaci\u00f3n en virtud de las leyes generales no se ver\u00e1n afectadas. Sin embargo, la responsabilidad a este respecto solo es posible a partir del momento en que se conozca una infracci\u00f3n concreta de la ley. Si tenemos conocimiento de alguna infracci\u00f3n de este tipo, eliminaremos el contenido en cuesti\u00f3n de inmediato.<br\/><br\/><strong>Responsabilidad por referencias y enlaces<\/strong><br\/>Nuestra oferta contiene enlaces a sitios web externos de terceros, sobre cuyos contenidos no tenemos ninguna influencia. Por lo tanto, no podemos asumir ninguna responsabilidad por estos contenidos externos. El proveedor u operador respectivo de las p\u00e1ginas es siempre responsable del contenido de las p\u00e1ginas enlazadas. Las p\u00e1ginas enlazadas fueron revisadas en el momento de la vinculaci\u00f3n para detectar posibles infracciones legales. No se reconocieron contenidos ilegales en el momento de la vinculaci\u00f3n.<br\/>Sin embargo, un control permanente de los contenidos de las p\u00e1ginas enlazadas no es razonable sin pruebas concretas de una violaci\u00f3n de la ley. Si tenemos conocimiento de alguna infracci\u00f3n, eliminaremos dichos enlaces de inmediato.<br\/><br\/><strong>Derecho de autor y ley de marcas<\/strong><br\/>Los contenidos y trabajos creados por los operadores del sitio en estas p\u00e1ginas est\u00e1n sujetos a la ley alemana de derechos de autor. La duplicaci\u00f3n, el procesamiento, la distribuci\u00f3n o cualquier forma de comercializaci\u00f3n de dicho material que exceda el alcance de la ley de derechos de autor requerir\u00e1 el consentimiento previo por escrito de su respectivo autor o creador. Las descargas y copias de este sitio solo est\u00e1n permitidas para uso privado no comercial.<br\/><br\/>En la medida en que el contenido de este sitio no haya sido creado por el operador, se respetan los derechos de autor de terceros. En particular, el contenido de terceros se identifica como tal. No obstante, si tiene conocimiento de una infracci\u00f3n de los derechos de autor, le rogamos que nos lo comunique en consecuencia. Si tenemos conocimiento de alguna infracci\u00f3n, eliminaremos dicho contenido de inmediato.<br\/><br\/><strong>Validez legal de la normativa<\/strong><br\/>La exclusi\u00f3n de responsabilidad, as\u00ed como las disposiciones sobre la ley de derechos de autor y marcas y la protecci\u00f3n de datos, deben considerarse como parte de la oferta de Internet desde la que se hizo referencia a esta p\u00e1gina. Si alguna secci\u00f3n o t\u00e9rmino individual de la declaraci\u00f3n no es legal o correcto, el contenido o la validez de las dem\u00e1s partes no se ver\u00e1n influidos por este hecho.<br\/><br\/>\u00a9 2025<\/p>\n<\/div><\/div>\n\n<\/div><\/div>\n\n<style>.kb-row-layout-id365_d126b2-0b > .kt-row-column-wrap{align-content:start;}:where(.kb-row-layout-id365_d126b2-0b > .kt-row-column-wrap) > .wp-block-kadence-column{justify-content:start;}.kb-row-layout-id365_d126b2-0b > .kt-row-column-wrap{column-gap:var(--global-kb-gap-md, 2rem);row-gap:var(--global-kb-gap-md, 2rem);padding-top:0px;padding-bottom:0px;grid-template-columns:minmax(0, 1fr);}.kb-row-layout-id365_d126b2-0b > .kt-row-layout-overlay{opacity:0.30;}@media all and (max-width: 1024px){.kb-row-layout-id365_d126b2-0b > .kt-row-column-wrap{padding-right:0px;padding-left:0px;grid-template-columns:minmax(0, 1fr);}}@media all and (max-width: 767px){.kb-row-layout-id365_d126b2-0b > .kt-row-column-wrap{grid-template-columns:minmax(0, 1fr);}}<\/style><div class=\"kb-row-layout-wrap kb-row-layout-id365_d126b2-0b alignnone wp-block-kadence-rowlayout\"><div class=\"kt-row-column-wrap kt-has-1-columns kt-row-layout-equal kt-tab-layout-inherit kt-mobile-layout-row kt-row-valign-top\">\n<style>.kadence-column365_7afd0e-27 > .kt-inside-inner-col{display:flex;}.kadence-column365_7afd0e-27 > .kt-inside-inner-col{padding-right:0px;padding-bottom:0px;padding-left:0px;}.kadence-column365_7afd0e-27 > .kt-inside-inner-col,.kadence-column365_7afd0e-27 > .kt-inside-inner-col:before{border-top-left-radius:0px;border-top-right-radius:0px;border-bottom-right-radius:0px;border-bottom-left-radius:0px;}.kadence-column365_7afd0e-27 > .kt-inside-inner-col{column-gap:var(--global-kb-gap-sm, 1rem);}.kadence-column365_7afd0e-27 > .kt-inside-inner-col{flex-direction:column;justify-content:flex-start;}.kadence-column365_7afd0e-27 > .kt-inside-inner-col > .aligncenter{width:100%;}.kt-row-column-wrap > .kadence-column365_7afd0e-27{align-self:flex-start;}.kt-inner-column-height-full:not(.kt-has-1-columns) > .wp-block-kadence-column.kadence-column365_7afd0e-27{align-self:auto;}.kt-inner-column-height-full:not(.kt-has-1-columns) > .wp-block-kadence-column.kadence-column365_7afd0e-27 > .kt-inside-inner-col{flex-direction:column;justify-content:flex-start;}.kadence-column365_7afd0e-27 > .kt-inside-inner-col:before{opacity:0.3;}.kadence-column365_7afd0e-27{position:relative;}.kadence-column365_7afd0e-27, .kt-inside-inner-col > .kadence-column365_7afd0e-27:not(.specificity){margin-right:0px;margin-bottom:0px;margin-left:0px;}@media all and (max-width: 1024px){.kt-row-column-wrap > .kadence-column365_7afd0e-27{align-self:flex-start;}}@media all and (max-width: 1024px){.kt-inner-column-height-full:not(.kt-has-1-columns) > .wp-block-kadence-column.kadence-column365_7afd0e-27{align-self:auto;}}@media all and (max-width: 1024px){.kt-inner-column-height-full:not(.kt-has-1-columns) > .wp-block-kadence-column.kadence-column365_7afd0e-27 > .kt-inside-inner-col{flex-direction:column;justify-content:flex-start;}}@media all and (max-width: 1024px){.kadence-column365_7afd0e-27 > .kt-inside-inner-col{flex-direction:column;justify-content:flex-start;}}@media all and (max-width: 767px){.kt-row-column-wrap > .kadence-column365_7afd0e-27{align-self:flex-start;}.kt-inner-column-height-full:not(.kt-has-1-columns) > .wp-block-kadence-column.kadence-column365_7afd0e-27{align-self:auto;}.kt-inner-column-height-full:not(.kt-has-1-columns) > .wp-block-kadence-column.kadence-column365_7afd0e-27 > .kt-inside-inner-col{flex-direction:column;justify-content:flex-start;}.kadence-column365_7afd0e-27 > .kt-inside-inner-col{flex-direction:column;justify-content:flex-start;}}<\/style>\n<div class=\"wp-block-kadence-column kadence-column365_7afd0e-27 inner-column-1\"><div class=\"kt-inside-inner-col\"><\/div><\/div>\n\n<\/div><\/div><\/div><\/div>\n\n<\/div><\/div>","protected":false},"excerpt":{"rendered":"<p>Pie de imprenta Aviso legalInformaci\u00f3n seg\u00fan el \u00a7 5 TMGResponsable del contenido de https:\/\/hypabox.com: B\u00e4cher Bergmann GmbHBonner Wall 2750677 ColoniaAlemania Representado porDirectores generales: Sebastian B\u00e4cher, Georg Bergmann, Stefan R\u00e4th Contacto:tel\u00e9fono: +49 221.165 331-0fax: +49 221.165 331-90info@hypabox.com N\u00famero de identificaci\u00f3n a efectos del IVA seg\u00fan el art\u00edculo 27 a de la Ley del Impuesto sobre el&#8230;<\/p>\n","protected":false},"author":1,"featured_media":0,"parent":0,"menu_order":0,"comment_status":"closed","ping_status":"closed","template":"","meta":{"_kadence_starter_templates_imported_post":false,"_kad_post_transparent":"","_kad_post_title":"","_kad_post_layout":"","_kad_post_sidebar_id":"","_kad_post_content_style":"","_kad_post_vertical_padding":"","_kad_post_feature":"","_kad_post_feature_position":"","_kad_post_header":false,"_kad_post_footer":false,"_kad_post_classname":"","footnotes":""},"class_list":["post-1563","page","type-page","status-publish","hentry"],"yoast_head":"<!-- This site is optimized with the Yoast SEO plugin v27.3 - https:\/\/yoast.com\/product\/yoast-seo-wordpress\/ -->\n<title>Pie de imprenta - HYPABOX<\/title>\n<meta name=\"robots\" content=\"index, follow, max-snippet:-1, max-image-preview:large, max-video-preview:-1\" \/>\n<link rel=\"canonical\" href=\"https:\/\/hypabox.com\/es\/pie-de-imprenta\/\" \/>\n<meta property=\"og:locale\" content=\"es_ES\" \/>\n<meta property=\"og:type\" content=\"article\" \/>\n<meta property=\"og:title\" content=\"Pie de imprenta - HYPABOX\" \/>\n<meta property=\"og:description\" content=\"Pie de imprenta Aviso legalInformaci\u00f3n seg\u00fan el \u00a7 5 TMGResponsable del contenido de https:\/\/hypabox.com: B\u00e4cher Bergmann GmbHBonner Wall 2750677 ColoniaAlemania Representado porDirectores generales: Sebastian B\u00e4cher, Georg Bergmann, Stefan R\u00e4th Contacto:tel\u00e9fono: +49 221.165 331-0fax: +49 221.165 331-90info@hypabox.com N\u00famero de identificaci\u00f3n a efectos del IVA seg\u00fan el art\u00edculo 27 a de la Ley del Impuesto sobre el...\" \/>\n<meta property=\"og:url\" content=\"https:\/\/hypabox.com\/es\/pie-de-imprenta\/\" \/>\n<meta property=\"og:site_name\" content=\"HYPABOX\" \/>\n<meta property=\"article:modified_time\" content=\"2026-01-22T09:34:04+00:00\" \/>\n<meta name=\"twitter:card\" content=\"summary_large_image\" \/>\n<meta name=\"twitter:label1\" content=\"Tiempo de lectura\" \/>\n\t<meta name=\"twitter:data1\" content=\"4 minuto\" \/>\n<script type=\"application\/ld+json\" class=\"yoast-schema-graph\">{\"@context\":\"https:\\\/\\\/schema.org\",\"@graph\":[{\"@type\":\"WebPage\",\"@id\":\"https:\\\/\\\/hypabox.com\\\/es\\\/pie-de-imprenta\\\/\",\"url\":\"https:\\\/\\\/hypabox.com\\\/es\\\/pie-de-imprenta\\\/\",\"name\":\"Pie de imprenta - HYPABOX\",\"isPartOf\":{\"@id\":\"https:\\\/\\\/hypabox.com\\\/es\\\/#website\"},\"datePublished\":\"2025-06-11T06:37:26+00:00\",\"dateModified\":\"2026-01-22T09:34:04+00:00\",\"breadcrumb\":{\"@id\":\"https:\\\/\\\/hypabox.com\\\/es\\\/pie-de-imprenta\\\/#breadcrumb\"},\"inLanguage\":\"es\",\"potentialAction\":[{\"@type\":\"ReadAction\",\"target\":[\"https:\\\/\\\/hypabox.com\\\/es\\\/pie-de-imprenta\\\/\"]}]},{\"@type\":\"BreadcrumbList\",\"@id\":\"https:\\\/\\\/hypabox.com\\\/es\\\/pie-de-imprenta\\\/#breadcrumb\",\"itemListElement\":[{\"@type\":\"ListItem\",\"position\":1,\"name\":\"Inicio\",\"item\":\"https:\\\/\\\/hypabox.com\\\/es\\\/\"},{\"@type\":\"ListItem\",\"position\":2,\"name\":\"Pie de imprenta\"}]},{\"@type\":\"WebSite\",\"@id\":\"https:\\\/\\\/hypabox.com\\\/es\\\/#website\",\"url\":\"https:\\\/\\\/hypabox.com\\\/es\\\/\",\"name\":\"HYPABOX\",\"description\":\"Heavy Duty Yet Perfectly Agile\",\"potentialAction\":[{\"@type\":\"SearchAction\",\"target\":{\"@type\":\"EntryPoint\",\"urlTemplate\":\"https:\\\/\\\/hypabox.com\\\/es\\\/?s={search_term_string}\"},\"query-input\":{\"@type\":\"PropertyValueSpecification\",\"valueRequired\":true,\"valueName\":\"search_term_string\"}}],\"inLanguage\":\"es\"}]}<\/script>\n<!-- \/ Yoast SEO plugin. -->","yoast_head_json":{"title":"Pie de imprenta - HYPABOX","robots":{"index":"index","follow":"follow","max-snippet":"max-snippet:-1","max-image-preview":"max-image-preview:large","max-video-preview":"max-video-preview:-1"},"canonical":"https:\/\/hypabox.com\/es\/pie-de-imprenta\/","og_locale":"es_ES","og_type":"article","og_title":"Pie de imprenta - HYPABOX","og_description":"Pie de imprenta Aviso legalInformaci\u00f3n seg\u00fan el \u00a7 5 TMGResponsable del contenido de https:\/\/hypabox.com: B\u00e4cher Bergmann GmbHBonner Wall 2750677 ColoniaAlemania Representado porDirectores generales: Sebastian B\u00e4cher, Georg Bergmann, Stefan R\u00e4th Contacto:tel\u00e9fono: +49 221.165 331-0fax: +49 221.165 331-90info@hypabox.com N\u00famero de identificaci\u00f3n a efectos del IVA seg\u00fan el art\u00edculo 27 a de la Ley del Impuesto sobre el...","og_url":"https:\/\/hypabox.com\/es\/pie-de-imprenta\/","og_site_name":"HYPABOX","article_modified_time":"2026-01-22T09:34:04+00:00","twitter_card":"summary_large_image","twitter_misc":{"Tiempo de lectura":"4 minuto"},"schema":{"@context":"https:\/\/schema.org","@graph":[{"@type":"WebPage","@id":"https:\/\/hypabox.com\/es\/pie-de-imprenta\/","url":"https:\/\/hypabox.com\/es\/pie-de-imprenta\/","name":"Pie de imprenta - HYPABOX","isPartOf":{"@id":"https:\/\/hypabox.com\/es\/#website"},"datePublished":"2025-06-11T06:37:26+00:00","dateModified":"2026-01-22T09:34:04+00:00","breadcrumb":{"@id":"https:\/\/hypabox.com\/es\/pie-de-imprenta\/#breadcrumb"},"inLanguage":"es","potentialAction":[{"@type":"ReadAction","target":["https:\/\/hypabox.com\/es\/pie-de-imprenta\/"]}]},{"@type":"BreadcrumbList","@id":"https:\/\/hypabox.com\/es\/pie-de-imprenta\/#breadcrumb","itemListElement":[{"@type":"ListItem","position":1,"name":"Inicio","item":"https:\/\/hypabox.com\/es\/"},{"@type":"ListItem","position":2,"name":"Pie de imprenta"}]},{"@type":"WebSite","@id":"https:\/\/hypabox.com\/es\/#website","url":"https:\/\/hypabox.com\/es\/","name":"HYPABOX","description":"Heavy Duty Yet Perfectly Agile","potentialAction":[{"@type":"SearchAction","target":{"@type":"EntryPoint","urlTemplate":"https:\/\/hypabox.com\/es\/?s={search_term_string}"},"query-input":{"@type":"PropertyValueSpecification","valueRequired":true,"valueName":"search_term_string"}}],"inLanguage":"es"}]}},"jetpack_sharing_enabled":true,"_links":{"self":[{"href":"https:\/\/hypabox.com\/es\/wp-json\/wp\/v2\/pages\/1563","targetHints":{"allow":["GET"]}}],"collection":[{"href":"https:\/\/hypabox.com\/es\/wp-json\/wp\/v2\/pages"}],"about":[{"href":"https:\/\/hypabox.com\/es\/wp-json\/wp\/v2\/types\/page"}],"author":[{"embeddable":true,"href":"https:\/\/hypabox.com\/es\/wp-json\/wp\/v2\/users\/1"}],"replies":[{"embeddable":true,"href":"https:\/\/hypabox.com\/es\/wp-json\/wp\/v2\/comments?post=1563"}],"version-history":[{"count":2,"href":"https:\/\/hypabox.com\/es\/wp-json\/wp\/v2\/pages\/1563\/revisions"}],"predecessor-version":[{"id":3020,"href":"https:\/\/hypabox.com\/es\/wp-json\/wp\/v2\/pages\/1563\/revisions\/3020"}],"wp:attachment":[{"href":"https:\/\/hypabox.com\/es\/wp-json\/wp\/v2\/media?parent=1563"}],"curies":[{"name":"wp","href":"https:\/\/api.w.org\/{rel}","templated":true}]}}