{"id":2843,"date":"2025-06-03T18:23:10","date_gmt":"2025-06-03T16:23:10","guid":{"rendered":"https:\/\/hypabox.com\/politica-de-privacidad\/"},"modified":"2025-07-08T23:22:05","modified_gmt":"2025-07-08T21:22:05","slug":"politica-de-privacidad","status":"publish","type":"page","link":"https:\/\/hypabox.com\/es\/politica-de-privacidad\/","title":{"rendered":"Pol\u00edtica de Privacidad"},"content":{"rendered":"<style>.kb-row-layout-id3_c9c341-21 > .kt-row-column-wrap{align-content:start;}:where(.kb-row-layout-id3_c9c341-21 > .kt-row-column-wrap) > .wp-block-kadence-column{justify-content:start;}.kb-row-layout-id3_c9c341-21 > .kt-row-column-wrap{column-gap:var(--global-kb-gap-md, 2rem);row-gap:var(--global-kb-gap-md, 2rem);max-width:var( --global-content-width, 1290px );padding-left:var(--global-content-edge-padding);padding-right:var(--global-content-edge-padding);padding-top:var(--global-kb-spacing-5xl, 10rem);padding-bottom:var(--global-kb-spacing-5xl, 10rem);grid-template-columns:minmax(0, 1fr);}.kb-row-layout-id3_c9c341-21{background-image:url('https:\/\/hypabox.com\/wp-content\/uploads\/2025\/07\/a-delivery-man-unloading-cardboard-boxes-from.jpeg');background-size:cover;background-position:center center;background-attachment:scroll;background-repeat:no-repeat;}.kb-row-layout-id3_c9c341-21 > .kt-row-layout-overlay{opacity:0.65;background-color:var(--global-palette2, #2B6CB0);}@media all and (max-width: 1024px){.kb-row-layout-id3_c9c341-21 > .kt-row-column-wrap{grid-template-columns:minmax(0, 1fr);}}@media all and (max-width: 767px){.kb-row-layout-id3_c9c341-21 > .kt-row-column-wrap{padding-bottom:var(--global-kb-spacing-xl, 4rem);grid-template-columns:minmax(0, 1fr);}}<\/style><div class=\"kb-row-layout-wrap kb-row-layout-id3_c9c341-21 alignfull kt-row-has-bg wp-block-kadence-rowlayout\"><div class=\"kt-row-layout-overlay kt-row-overlay-normal\"><\/div><div class=\"kt-row-column-wrap kt-has-1-columns kt-row-layout-equal kt-tab-layout-inherit kt-mobile-layout-row kt-row-valign-top kb-theme-content-width\">\n<style>.kadence-column3_cfa4fe-f5 > .kt-inside-inner-col{padding-top:var(--global-kb-spacing-xs, 1rem);padding-right:var(--global-kb-spacing-3xl, 6.5rem);padding-bottom:var(--global-kb-spacing-xs, 1rem);padding-left:var(--global-kb-spacing-3xl, 6.5rem);}.kadence-column3_cfa4fe-f5 > .kt-inside-inner-col,.kadence-column3_cfa4fe-f5 > .kt-inside-inner-col:before{border-top-left-radius:0px;border-top-right-radius:0px;border-bottom-right-radius:0px;border-bottom-left-radius:0px;}.kadence-column3_cfa4fe-f5 > .kt-inside-inner-col{column-gap:var(--global-kb-gap-sm, 1rem);}.kadence-column3_cfa4fe-f5 > .kt-inside-inner-col{flex-direction:column;}.kadence-column3_cfa4fe-f5 > .kt-inside-inner-col > .aligncenter{width:100%;}.kadence-column3_cfa4fe-f5 > .kt-inside-inner-col:before{opacity:0.3;}.kadence-column3_cfa4fe-f5{position:relative;}@media all and (max-width: 1024px){.kadence-column3_cfa4fe-f5 > .kt-inside-inner-col{padding-top:0px;padding-right:0px;padding-bottom:0px;padding-left:0px;flex-direction:column;justify-content:center;}}@media all and (max-width: 767px){.kadence-column3_cfa4fe-f5 > .kt-inside-inner-col{flex-direction:column;justify-content:center;}}<\/style>\n<div class=\"wp-block-kadence-column kadence-column3_cfa4fe-f5 inner-column-1\"><div class=\"kt-inside-inner-col\"><style>.wp-block-kadence-advancedheading.kt-adv-heading3_b854fb-35, .wp-block-kadence-advancedheading.kt-adv-heading3_b854fb-35[data-kb-block=\"kb-adv-heading3_b854fb-35\"]{margin-top:0px;margin-bottom:var(--global-kb-spacing-sm, 1.5rem);text-align:center;font-size:110px;line-height:1;font-style:normal;letter-spacing:-3px;}.wp-block-kadence-advancedheading.kt-adv-heading3_b854fb-35 mark.kt-highlight, .wp-block-kadence-advancedheading.kt-adv-heading3_b854fb-35[data-kb-block=\"kb-adv-heading3_b854fb-35\"] mark.kt-highlight{font-style:normal;color:#f76a0c;-webkit-box-decoration-break:clone;box-decoration-break:clone;padding-top:0px;padding-right:0px;padding-bottom:0px;padding-left:0px;}.wp-block-kadence-advancedheading.kt-adv-heading3_b854fb-35 img.kb-inline-image, .wp-block-kadence-advancedheading.kt-adv-heading3_b854fb-35[data-kb-block=\"kb-adv-heading3_b854fb-35\"] img.kb-inline-image{width:150px;vertical-align:baseline;}@media all and (max-width: 1024px){.wp-block-kadence-advancedheading.kt-adv-heading3_b854fb-35, .wp-block-kadence-advancedheading.kt-adv-heading3_b854fb-35[data-kb-block=\"kb-adv-heading3_b854fb-35\"]{font-size:90px;}}@media all and (max-width: 767px){.wp-block-kadence-advancedheading.kt-adv-heading3_b854fb-35, .wp-block-kadence-advancedheading.kt-adv-heading3_b854fb-35[data-kb-block=\"kb-adv-heading3_b854fb-35\"]{font-size:55px;}}<\/style>\n<h2 class=\"kt-adv-heading3_b854fb-35 wp-block-kadence-advancedheading has-theme-palette-9-color has-text-color\" data-kb-block=\"kb-adv-heading3_b854fb-35\"><strong>Sus datos, sus derechos<\/strong><\/h2>\n<\/div><\/div>\n\n<\/div><\/div><style>.kb-row-layout-id3_fda94d-63 > .kt-row-column-wrap{align-content:start;}:where(.kb-row-layout-id3_fda94d-63 > .kt-row-column-wrap) > .wp-block-kadence-column{justify-content:start;}.kb-row-layout-id3_fda94d-63 > .kt-row-column-wrap{column-gap:var(--global-kb-gap-md, 2rem);row-gap:var(--global-kb-gap-md, 2rem);max-width:var( --global-content-width, 1290px );padding-left:var(--global-content-edge-padding);padding-right:var(--global-content-edge-padding);padding-top:var(--global-kb-spacing-3xl, 6.5rem);padding-bottom:var(--global-kb-spacing-3xl, 6.5rem);grid-template-columns:minmax(0, 1fr);}.kb-row-layout-id3_fda94d-63 > .kt-row-layout-overlay{opacity:0.00;}@media all and (max-width: 1024px){.kb-row-layout-id3_fda94d-63 > .kt-row-column-wrap{grid-template-columns:minmax(0, 1fr);}}@media all and (max-width: 767px){.kb-row-layout-id3_fda94d-63 > .kt-row-column-wrap{grid-template-columns:minmax(0, 1fr);}}<\/style><div class=\"kb-row-layout-wrap kb-row-layout-id3_fda94d-63 alignfull has-theme-palette7-background-color kt-row-has-bg wp-block-kadence-rowlayout\"><div class=\"kt-row-column-wrap kt-has-1-columns kt-row-layout-equal kt-tab-layout-inherit kt-mobile-layout-row kt-row-valign-top kb-theme-content-width\">\n<style>.kadence-column3_79f4ed-4f > .kt-inside-inner-col{padding-right:var(--global-kb-spacing-4xl, 8rem);padding-left:var(--global-kb-spacing-4xl, 8rem);}.kadence-column3_79f4ed-4f > .kt-inside-inner-col,.kadence-column3_79f4ed-4f > .kt-inside-inner-col:before{border-top-left-radius:0px;border-top-right-radius:0px;border-bottom-right-radius:0px;border-bottom-left-radius:0px;}.kadence-column3_79f4ed-4f > .kt-inside-inner-col{column-gap:var(--global-kb-gap-sm, 1rem);}.kadence-column3_79f4ed-4f > .kt-inside-inner-col{flex-direction:column;}.kadence-column3_79f4ed-4f > .kt-inside-inner-col > .aligncenter{width:100%;}.kadence-column3_79f4ed-4f > .kt-inside-inner-col:before{opacity:0.3;}.kadence-column3_79f4ed-4f{position:relative;}@media all and (max-width: 1024px){.kadence-column3_79f4ed-4f > .kt-inside-inner-col{flex-direction:column;justify-content:center;}}@media all and (max-width: 767px){.kadence-column3_79f4ed-4f > .kt-inside-inner-col{padding-right:0px;padding-left:0px;flex-direction:column;justify-content:center;}}<\/style>\n<div class=\"wp-block-kadence-column kadence-column3_79f4ed-4f inner-column-1\"><div class=\"kt-inside-inner-col\">\n<h2 class=\"wp-block-heading\">Qui\u00e9nes somos<\/h2>\n\n\n\n<p><strong>Pol\u00edtica de Privacidad<\/strong><\/p>\n\n\n\n<p><strong>Fecha de entrada en vigor:<\/strong> julio de 2025<\/p>\n\n\n\n<p>Esta Pol\u00edtica de privacidad explica c\u00f3mo recopilamos, utilizamos y protegemos sus datos personales cuando visita <a href=\"https:\/\/hypabox.com\">https:\/\/hypabox.com<\/a>, realiza un pedido o se pone en contacto con nosotros.<\/p>\n\n\n\n<hr class=\"wp-block-separator has-alpha-channel-opacity\"\/>\n\n\n\n<h3 class=\"wp-block-heading\"><strong>1. Responsable del tratamiento<\/strong><\/h3>\n\n\n\n<p><strong>HYPABOX<\/strong> c\/o B\u00e4cher Bergmann GmbH<br\/>Sebastian B\u00e4cher<br\/>Bonner Wall 27<br\/>50677 Colonia, Alemania<\/p>\n\n\n\n<p>Correo electr\u00f3nico: <a href=\"mailto:info@hypabox.com\">info@hypabox.com<\/a><\/p>\n\n\n\n<hr class=\"wp-block-separator has-alpha-channel-opacity\"\/>\n\n\n\n<h3 class=\"wp-block-heading\"><strong>2. Qu\u00e9 datos recopilamos<\/strong><\/h3>\n\n\n\n<p>Podemos recopilar y procesar los siguientes datos:<\/p>\n\n\n\n<ul class=\"wp-block-list\">\n<li><strong>Datos personales<\/strong> que proporciona: nombre, correo electr\u00f3nico, direcci\u00f3n de facturaci\u00f3n y env\u00edo, n\u00famero de tel\u00e9fono, nombre de la empresa (si corresponde)<\/li>\n\n\n\n<li><strong>Datos del pedido<\/strong>: productos comprados, m\u00e9todo de pago, preferencias de env\u00edo<\/li>\n\n\n\n<li><strong>Datos de pago<\/strong>: a trav\u00e9s de proveedores externos (p. ej., PayPal, Stripe)<\/li>\n\n\n\n<li><strong>Datos t\u00e9cnicos<\/strong>: direcci\u00f3n IP, informaci\u00f3n del navegador, tipo de dispositivo, a trav\u00e9s de cookies y herramientas de seguimiento<\/li>\n\n\n\n<li><strong>Mensajes<\/strong> que nos env\u00eda (formularios de contacto, correo electr\u00f3nico)<\/li>\n<\/ul>\n\n\n\n<hr class=\"wp-block-separator has-alpha-channel-opacity\"\/>\n\n\n\n<h3 class=\"wp-block-heading\"><strong>3. C\u00f3mo utilizamos sus datos<\/strong><\/h3>\n\n\n\n<ul class=\"wp-block-list\">\n<li>Para procesar y completar sus pedidos<\/li>\n\n\n\n<li>Para comunicarnos con usted (p. ej., confirmaciones de pedido, asistencia)<\/li>\n\n\n\n<li>Para cumplir con las obligaciones legales (p. ej., la legislaci\u00f3n fiscal, la retenci\u00f3n comercial)<\/li>\n\n\n\n<li>Para prevenir el fraude y mejorar la seguridad<\/li>\n\n\n\n<li>Para mejorar nuestros servicios y nuestro sitio web<\/li>\n<\/ul>\n\n\n\n<hr class=\"wp-block-separator has-alpha-channel-opacity\"\/>\n\n\n\n<h3 class=\"wp-block-heading\"><strong>4. Base legal para el tratamiento (Art. 6 RGPD)<\/strong><\/h3>\n\n\n\n<ul class=\"wp-block-list\">\n<li><strong>Ejecuci\u00f3n de un contrato<\/strong> (p. ej., cuando compra un producto)<\/li>\n\n\n\n<li><strong>Obligaci\u00f3n legal<\/strong> (p. ej., legislaci\u00f3n fiscal)<\/li>\n\n\n\n<li><strong>Intereses leg\u00edtimos<\/strong> (p. ej., rendimiento del sitio web, prevenci\u00f3n del fraude)<\/li>\n\n\n\n<li><strong>Consentimiento<\/strong>, si es necesario (p. ej., cookies de marketing)<\/li>\n<\/ul>\n\n\n\n<hr class=\"wp-block-separator has-alpha-channel-opacity\"\/>\n\n\n\n<h3 class=\"wp-block-heading\"><strong>5. Intercambio de datos<\/strong><\/h3>\n\n\n\n<p>Compartimos datos solo cuando es necesario y solo con proveedores de servicios de confianza:<\/p>\n\n\n\n<ul class=\"wp-block-list\">\n<li><strong>Proveedores de pago<\/strong>: Stripe, PayPal<\/li>\n\n\n\n<li><strong>Socios de env\u00edo<\/strong>: p. ej., DHL, UPS, empresas de transporte de mercanc\u00edas<\/li>\n\n\n\n<li><strong>Alojamiento web e inform\u00e1tica<\/strong>: Webflow, WordPress, WooCommerce, plugins<\/li>\n\n\n\n<li><strong>Servicios de contabilidad e impuestos<\/strong> (si corresponde)<\/li>\n<\/ul>\n\n\n\n<p>Todos los terceros cumplen con el RGPD o se encuentran en jurisdicciones con una protecci\u00f3n de datos adecuada (p. ej., Suiza).<\/p>\n\n\n\n<hr class=\"wp-block-separator has-alpha-channel-opacity\"\/>\n\n\n\n<h3 class=\"wp-block-heading\"><strong>6. Cookies y seguimiento<\/strong><\/h3>\n\n\n\n<p>Utilizamos cookies para:<\/p>\n\n\n\n<ul class=\"wp-block-list\">\n<li>Guardar su carrito y sus preferencias<\/li>\n\n\n\n<li>Proporcionar un inicio de sesi\u00f3n seguro<\/li>\n\n\n\n<li>Analizar el tr\u00e1fico del sitio web<\/li>\n<\/ul>\n\n\n\n<p>Puede gestionar las preferencias de cookies a trav\u00e9s de su navegador o de herramientas de exclusi\u00f3n voluntaria (p. ej., <a href=\"https:\/\/www.youronlinechoices.com\/\">YourOnlineChoices<\/a>).<\/p>\n\n\n\n<hr class=\"wp-block-separator has-alpha-channel-opacity\"\/>\n\n\n\n<h3 class=\"wp-block-heading\"><strong>7. Sus derechos en virtud del RGPD<\/strong><\/h3>\n\n\n\n<p>Usted tiene derecho a:<\/p>\n\n\n\n<ul class=\"wp-block-list\">\n<li>Acceder a sus datos personales<\/li>\n\n\n\n<li>Corregir o eliminar sus datos<\/li>\n\n\n\n<li>Oponerse al procesamiento<\/li>\n\n\n\n<li>Solicitar la portabilidad de datos<\/li>\n\n\n\n<li>Presentar una reclamaci\u00f3n ante una autoridad de protecci\u00f3n de datos<\/li>\n<\/ul>\n\n\n\n<p>P\u00f3ngase en contacto con nosotros en <a href=\"mailto:info@hypabox.com\">info@hypabox.com<\/a> para ejercer sus derechos.<\/p>\n\n\n\n<hr class=\"wp-block-separator has-alpha-channel-opacity\"\/>\n\n\n\n<h3 class=\"wp-block-heading\"><strong>8. Per\u00edodo de conservaci\u00f3n<\/strong><\/h3>\n\n\n\n<p>Conservamos sus datos solo durante el tiempo necesario:<\/p>\n\n\n\n<ul class=\"wp-block-list\">\n<li>Datos del pedido: 10 a\u00f1os (requisito legal)<\/li>\n\n\n\n<li>Formularios de contacto: 12 meses<\/li>\n\n\n\n<li>Registros t\u00e9cnicos: 6 meses<\/li>\n<\/ul>\n\n\n\n<hr class=\"wp-block-separator has-alpha-channel-opacity\"\/>\n\n\n\n<h3 class=\"wp-block-heading\"><strong>9. Transferencias internacionales de datos<\/strong><\/h3>\n\n\n\n<p>Los datos pueden procesarse fuera de la UE (p. ej., por Stripe o PayPal), pero solo en jurisdicciones con una protecci\u00f3n de datos adecuada o en virtud de cl\u00e1usulas contractuales est\u00e1ndar (CCE).<\/p>\n\n\n\n<hr class=\"wp-block-separator has-alpha-channel-opacity\"\/>\n\n\n\n<h3 class=\"wp-block-heading\"><strong>10. Contacto<\/strong><\/h3>\n\n\n\n<p>Si tiene alguna pregunta sobre sus datos, p\u00f3ngase en contacto con:<\/p>\n\n\n\n<p>Correo electr\u00f3nico: <a href=\"mailto:info@hypabox.com\">info@hypabox.com<\/a><\/p>\n<\/div><\/div>\n\n<\/div><\/div>","protected":false},"excerpt":{"rendered":"<p>Sus datos, sus derechos Qui\u00e9nes somos Pol\u00edtica de Privacidad Fecha de entrada en vigor: julio de 2025 Esta Pol\u00edtica de privacidad explica c\u00f3mo recopilamos, utilizamos y protegemos sus datos personales cuando visita https:\/\/hypabox.com, realiza un pedido o se pone en contacto con nosotros. 1. Responsable del tratamiento HYPABOX c\/o B\u00e4cher Bergmann GmbHSebastian B\u00e4cherBonner Wall 2750677&#8230;<\/p>\n","protected":false},"author":1,"featured_media":0,"parent":0,"menu_order":0,"comment_status":"closed","ping_status":"closed","template":"","meta":{"_kadence_starter_templates_imported_post":false,"_kad_post_transparent":"","_kad_post_title":"","_kad_post_layout":"","_kad_post_sidebar_id":"","_kad_post_content_style":"","_kad_post_vertical_padding":"","_kad_post_feature":"","_kad_post_feature_position":"","_kad_post_header":false,"_kad_post_footer":false,"_kad_post_classname":"","footnotes":""},"class_list":["post-2843","page","type-page","status-publish","hentry"],"yoast_head":"<!-- This site is optimized with the Yoast SEO plugin v27.4 - https:\/\/yoast.com\/product\/yoast-seo-wordpress\/ -->\n<title>Pol\u00edtica de Privacidad - HYPABOX<\/title>\n<meta name=\"robots\" content=\"index, follow, max-snippet:-1, max-image-preview:large, max-video-preview:-1\" \/>\n<link rel=\"canonical\" href=\"https:\/\/hypabox.com\/es\/politica-de-privacidad\/\" \/>\n<meta property=\"og:locale\" content=\"es_ES\" \/>\n<meta property=\"og:type\" content=\"article\" \/>\n<meta property=\"og:title\" content=\"Pol\u00edtica de Privacidad - HYPABOX\" \/>\n<meta property=\"og:description\" content=\"Sus datos, sus derechos Qui\u00e9nes somos Pol\u00edtica de Privacidad Fecha de entrada en vigor: julio de 2025 Esta Pol\u00edtica de privacidad explica c\u00f3mo recopilamos, utilizamos y protegemos sus datos personales cuando visita https:\/\/hypabox.com, realiza un pedido o se pone en contacto con nosotros. 1. Responsable del tratamiento HYPABOX c\/o B\u00e4cher Bergmann GmbHSebastian B\u00e4cherBonner Wall 2750677...\" \/>\n<meta property=\"og:url\" content=\"https:\/\/hypabox.com\/es\/politica-de-privacidad\/\" \/>\n<meta property=\"og:site_name\" content=\"HYPABOX\" \/>\n<meta property=\"article:modified_time\" content=\"2025-07-08T21:22:05+00:00\" \/>\n<meta name=\"twitter:card\" content=\"summary_large_image\" \/>\n<meta name=\"twitter:label1\" content=\"Tiempo de lectura\" \/>\n\t<meta name=\"twitter:data1\" content=\"3 minuto\" \/>\n<script type=\"application\/ld+json\" class=\"yoast-schema-graph\">{\"@context\":\"https:\\\/\\\/schema.org\",\"@graph\":[{\"@type\":\"WebPage\",\"@id\":\"https:\\\/\\\/hypabox.com\\\/es\\\/politica-de-privacidad\\\/\",\"url\":\"https:\\\/\\\/hypabox.com\\\/es\\\/politica-de-privacidad\\\/\",\"name\":\"Pol\u00edtica de Privacidad - HYPABOX\",\"isPartOf\":{\"@id\":\"https:\\\/\\\/hypabox.com\\\/es\\\/#website\"},\"datePublished\":\"2025-06-03T16:23:10+00:00\",\"dateModified\":\"2025-07-08T21:22:05+00:00\",\"breadcrumb\":{\"@id\":\"https:\\\/\\\/hypabox.com\\\/es\\\/politica-de-privacidad\\\/#breadcrumb\"},\"inLanguage\":\"es\",\"potentialAction\":[{\"@type\":\"ReadAction\",\"target\":[\"https:\\\/\\\/hypabox.com\\\/es\\\/politica-de-privacidad\\\/\"]}]},{\"@type\":\"BreadcrumbList\",\"@id\":\"https:\\\/\\\/hypabox.com\\\/es\\\/politica-de-privacidad\\\/#breadcrumb\",\"itemListElement\":[{\"@type\":\"ListItem\",\"position\":1,\"name\":\"Inicio\",\"item\":\"https:\\\/\\\/hypabox.com\\\/es\\\/\"},{\"@type\":\"ListItem\",\"position\":2,\"name\":\"Pol\u00edtica de Privacidad\"}]},{\"@type\":\"WebSite\",\"@id\":\"https:\\\/\\\/hypabox.com\\\/es\\\/#website\",\"url\":\"https:\\\/\\\/hypabox.com\\\/es\\\/\",\"name\":\"HYPABOX\",\"description\":\"Heavy Duty Yet Perfectly Agile\",\"potentialAction\":[{\"@type\":\"SearchAction\",\"target\":{\"@type\":\"EntryPoint\",\"urlTemplate\":\"https:\\\/\\\/hypabox.com\\\/es\\\/?s={search_term_string}\"},\"query-input\":{\"@type\":\"PropertyValueSpecification\",\"valueRequired\":true,\"valueName\":\"search_term_string\"}}],\"inLanguage\":\"es\"}]}<\/script>\n<!-- \/ Yoast SEO plugin. -->","yoast_head_json":{"title":"Pol\u00edtica de Privacidad - HYPABOX","robots":{"index":"index","follow":"follow","max-snippet":"max-snippet:-1","max-image-preview":"max-image-preview:large","max-video-preview":"max-video-preview:-1"},"canonical":"https:\/\/hypabox.com\/es\/politica-de-privacidad\/","og_locale":"es_ES","og_type":"article","og_title":"Pol\u00edtica de Privacidad - HYPABOX","og_description":"Sus datos, sus derechos Qui\u00e9nes somos Pol\u00edtica de Privacidad Fecha de entrada en vigor: julio de 2025 Esta Pol\u00edtica de privacidad explica c\u00f3mo recopilamos, utilizamos y protegemos sus datos personales cuando visita https:\/\/hypabox.com, realiza un pedido o se pone en contacto con nosotros. 1. Responsable del tratamiento HYPABOX c\/o B\u00e4cher Bergmann GmbHSebastian B\u00e4cherBonner Wall 2750677...","og_url":"https:\/\/hypabox.com\/es\/politica-de-privacidad\/","og_site_name":"HYPABOX","article_modified_time":"2025-07-08T21:22:05+00:00","twitter_card":"summary_large_image","twitter_misc":{"Tiempo de lectura":"3 minuto"},"schema":{"@context":"https:\/\/schema.org","@graph":[{"@type":"WebPage","@id":"https:\/\/hypabox.com\/es\/politica-de-privacidad\/","url":"https:\/\/hypabox.com\/es\/politica-de-privacidad\/","name":"Pol\u00edtica de Privacidad - HYPABOX","isPartOf":{"@id":"https:\/\/hypabox.com\/es\/#website"},"datePublished":"2025-06-03T16:23:10+00:00","dateModified":"2025-07-08T21:22:05+00:00","breadcrumb":{"@id":"https:\/\/hypabox.com\/es\/politica-de-privacidad\/#breadcrumb"},"inLanguage":"es","potentialAction":[{"@type":"ReadAction","target":["https:\/\/hypabox.com\/es\/politica-de-privacidad\/"]}]},{"@type":"BreadcrumbList","@id":"https:\/\/hypabox.com\/es\/politica-de-privacidad\/#breadcrumb","itemListElement":[{"@type":"ListItem","position":1,"name":"Inicio","item":"https:\/\/hypabox.com\/es\/"},{"@type":"ListItem","position":2,"name":"Pol\u00edtica de Privacidad"}]},{"@type":"WebSite","@id":"https:\/\/hypabox.com\/es\/#website","url":"https:\/\/hypabox.com\/es\/","name":"HYPABOX","description":"Heavy Duty Yet Perfectly Agile","potentialAction":[{"@type":"SearchAction","target":{"@type":"EntryPoint","urlTemplate":"https:\/\/hypabox.com\/es\/?s={search_term_string}"},"query-input":{"@type":"PropertyValueSpecification","valueRequired":true,"valueName":"search_term_string"}}],"inLanguage":"es"}]}},"jetpack_sharing_enabled":true,"_links":{"self":[{"href":"https:\/\/hypabox.com\/es\/wp-json\/wp\/v2\/pages\/2843","targetHints":{"allow":["GET"]}}],"collection":[{"href":"https:\/\/hypabox.com\/es\/wp-json\/wp\/v2\/pages"}],"about":[{"href":"https:\/\/hypabox.com\/es\/wp-json\/wp\/v2\/types\/page"}],"author":[{"embeddable":true,"href":"https:\/\/hypabox.com\/es\/wp-json\/wp\/v2\/users\/1"}],"replies":[{"embeddable":true,"href":"https:\/\/hypabox.com\/es\/wp-json\/wp\/v2\/comments?post=2843"}],"version-history":[{"count":1,"href":"https:\/\/hypabox.com\/es\/wp-json\/wp\/v2\/pages\/2843\/revisions"}],"predecessor-version":[{"id":2844,"href":"https:\/\/hypabox.com\/es\/wp-json\/wp\/v2\/pages\/2843\/revisions\/2844"}],"wp:attachment":[{"href":"https:\/\/hypabox.com\/es\/wp-json\/wp\/v2\/media?parent=2843"}],"curies":[{"name":"wp","href":"https:\/\/api.w.org\/{rel}","templated":true}]}}