{"id":1574,"date":"2025-06-04T23:59:02","date_gmt":"2025-06-04T21:59:02","guid":{"rendered":"https:\/\/hypabox.com\/product\/cajas-de-carga-frontal\/"},"modified":"2025-07-08T23:24:18","modified_gmt":"2025-07-08T21:24:18","slug":"cajas-de-carga-frontal","status":"publish","type":"product","link":"https:\/\/hypabox.com\/es\/producto\/cajas-de-carga-frontal\/","title":{"rendered":"MULAN"},"content":{"rendered":"<h2><b>MULAN - Caja de carga frontal resistente para flecha urbana<\/b><\/h2>\n<h3><b>Construido para profesionales. Dise\u00f1ado para una log\u00edstica sin escalas. <\/b><\/h3>\n<p class=\"p3\"><span class=\"s2\"><b>MULAN<\/b><\/span> es nuestra caja de carga frontal m\u00e1s avanzada, dise\u00f1ada especialmente para las exigentes operaciones de reparto de \u00faltima milla. Con su sistema de cierre electr\u00f3nico RFID, su tapa de apertura autom\u00e1tica y sus materiales ultraduraderos, est\u00e1 hecha para los motoristas que necesitan fiabilidad, rapidez y seguridad todos los d\u00edas. <\/p>\n<hr>\n<h3><b>Especificaciones t\u00e9cnicas<\/b><\/h3>\n<ul>\n<li>\n<p class=\"p1\"><span class=\"s1\"><b>Volumen<\/b><\/span> 400 (L) - 540 (XL) litros<\/p>\n<\/li>\n<li>\n<p class=\"p1\"><span class=\"s1\"><b>Peso<\/b><\/span> 18 (L) - 22 (XL) kg<\/p>\n<\/li>\n<li>\n<p class=\"p1\"><b>Dimensiones externas (An \u00d7 Al \u00d7 P):<\/b><span class=\"s1\"> 1397 (L) \/1647 (XL) \u00d7 790 \u00d7 738 mm<\/span><\/p>\n<\/li>\n<li>\n<p class=\"p1\"><span class=\"s1\"><b>Sistema de cierre:<\/b><\/span> Cerradura electr\u00f3nica RFID<\/p>\n<\/li>\n<li>\n<p class=\"p1\"><span class=\"s1\"><b>Tapa:<\/b><\/span> Tapa con apertura autom\u00e1tica por resorte de gas<\/p>\n<\/li>\n<li>\n<p class=\"p1\"><span class=\"s1\"><b>Materiales:<\/b><\/span> Paneles de polipropileno soldados t\u00e9rmicamente, componentes de aluminio en bruto<\/p>\n<\/li>\n<li>\n<p class=\"p1\"><span class=\"s1\"><b>Opciones:<\/b><\/span> Iluminaci\u00f3n interior, estante extra\u00edble, marca, integraci\u00f3n en flota<\/p>\n<\/li>\n<\/ul>\n<hr>\n<h3><b>Caso pr\u00e1ctico<\/b><\/h3>\n<p class=\"p1\"><b>Dise\u00f1ado espec\u00edficamente para la log\u00edstica urbana de alta frecuencia.<\/b><b><\/b><\/p>\n<p class=\"p2\">MULAN est\u00e1 dise\u00f1ado para operaciones de flotas de reparto de paquetes, alimentos o servicios, donde el tiempo, el acceso y la durabilidad son lo m\u00e1s importante.<\/p>\n<hr>\n<h3><b>Entrega e instalaci\u00f3n<\/b><\/h3>\n<ul>\n<li>\n<p class=\"p1\">Se entrega totalmente montado<\/p>\n<\/li>\n<li>\n<p class=\"p1\">Compatible con los sistemas de cierre y acceso de flotas<\/p>\n<\/li>\n<li>\n<p class=\"p1\">Integraci\u00f3n personalizada disponible bajo petici\u00f3n<\/p>\n<\/li>\n<\/ul>\n<hr>\n<h3><b>\u00bfTe interesa?<\/b><\/h3>\n<p class=\"p1\">MULAN es un producto profesional disponible <span class=\"s1\"><b>s\u00f3lo bajo pedido<\/b><\/span>. Ponte en contacto con nosotros para hablar de tus necesidades o solicitar una unidad piloto. <\/p>\n<p class=\"p3\"><a href=\"mailto:info@hypabox.com\">\u00a1Solicita un presupuesto!<\/a><\/p>\n","protected":false},"excerpt":{"rendered":"<p><strong>MULAN<\/strong> est\u00e1 dise\u00f1ado para operaciones log\u00edsticas serias.<br \/>\nCaja frontal ligera y modular para bicicletas de carga comerciales: ideal para mensajeros, servicios de reparaci\u00f3n y minoristas.<br \/>\nCaben hasta 6 (L) o incluso 7 (XL) Euroboxes (60\u00d740 cm) en Urban Arrow Cargo L o XL.<\/p>\n<p class=\"p1\"><strong>MULAN<\/strong> est\u00e1 disponible <span class=\"s1\"><b>solo bajo petici\u00f3n<\/b><\/span>. Ponte en contacto con nosotros para hablar de tus necesidades o solicitar una unidad piloto.<\/p>\n","protected":false},"featured_media":2929,"template":"","meta":{"_kadence_starter_templates_imported_post":false,"_kad_post_transparent":"","_kad_post_title":"","_kad_post_layout":"","_kad_post_sidebar_id":"","_kad_post_content_style":"","_kad_post_vertical_padding":"","_kad_post_feature":"","_kad_post_feature_position":"","_kad_post_header":false,"_kad_post_footer":false,"_kad_post_classname":""},"product_brand":[],"product_cat":[84,109],"product_tag":[],"class_list":{"0":"post-1574","1":"product","2":"type-product","3":"status-publish","4":"has-post-thumbnail","6":"product_cat-cajas-de-carga-frontal","7":"product_cat-mulan-es","8":"product_shipping_class-dpd-xl-315kg-es","10":"first","11":"outofstock","12":"taxable","13":"shipping-taxable","14":"product-type-variable","15":"entry","16":"content-bg","17":"loop-entry"},"yoast_head":"<!-- This site is optimized with the Yoast SEO plugin v27.3 - https:\/\/yoast.com\/product\/yoast-seo-wordpress\/ -->\n<title>MULAN - HYPABOX<\/title>\n<meta name=\"description\" content=\"Caja de carga frontal con seguridad RFID para Urban Arrow L\/XL. Modular, ligero, cabe hasta 7 Euroboxes. Hecho para la exigente log\u00edstica de \u00faltima milla.\" \/>\n<meta name=\"robots\" content=\"index, follow, max-snippet:-1, max-image-preview:large, max-video-preview:-1\" \/>\n<link rel=\"canonical\" href=\"https:\/\/hypabox.com\/es\/producto\/cajas-de-carga-frontal\/\" \/>\n<meta property=\"og:locale\" content=\"es_ES\" \/>\n<meta property=\"og:type\" content=\"article\" \/>\n<meta property=\"og:title\" content=\"MULAN - HYPABOX\" \/>\n<meta property=\"og:description\" content=\"Caja de carga frontal con seguridad RFID para Urban Arrow L\/XL. Modular, ligero, cabe hasta 7 Euroboxes. Hecho para la exigente log\u00edstica de \u00faltima milla.\" \/>\n<meta property=\"og:url\" content=\"https:\/\/hypabox.com\/es\/producto\/cajas-de-carga-frontal\/\" \/>\n<meta property=\"og:site_name\" content=\"HYPABOX\" \/>\n<meta property=\"article:modified_time\" content=\"2025-07-08T21:24:18+00:00\" \/>\n<meta property=\"og:image\" content=\"https:\/\/hypabox.com\/wp-content\/uploads\/2025\/06\/Coolblue-bak-B2B-22-03-2023_LOWRES-1.jpg\" \/>\n\t<meta property=\"og:image:width\" content=\"2048\" \/>\n\t<meta property=\"og:image:height\" content=\"1365\" \/>\n\t<meta property=\"og:image:type\" content=\"image\/jpeg\" \/>\n<meta name=\"twitter:card\" content=\"summary_large_image\" \/>\n<meta name=\"twitter:label1\" content=\"Tiempo de lectura\" \/>\n\t<meta name=\"twitter:data1\" content=\"1 minuto\" \/>\n<script type=\"application\/ld+json\" class=\"yoast-schema-graph\">{\"@context\":\"https:\\\/\\\/schema.org\",\"@graph\":[{\"@type\":\"WebPage\",\"@id\":\"https:\\\/\\\/hypabox.com\\\/es\\\/producto\\\/cajas-de-carga-frontal\\\/\",\"url\":\"https:\\\/\\\/hypabox.com\\\/es\\\/producto\\\/cajas-de-carga-frontal\\\/\",\"name\":\"MULAN - HYPABOX\",\"isPartOf\":{\"@id\":\"https:\\\/\\\/hypabox.com\\\/es\\\/#website\"},\"primaryImageOfPage\":{\"@id\":\"https:\\\/\\\/hypabox.com\\\/es\\\/producto\\\/cajas-de-carga-frontal\\\/#primaryimage\"},\"image\":{\"@id\":\"https:\\\/\\\/hypabox.com\\\/es\\\/producto\\\/cajas-de-carga-frontal\\\/#primaryimage\"},\"thumbnailUrl\":\"https:\\\/\\\/hypabox.com\\\/wp-content\\\/uploads\\\/2025\\\/10\\\/NoBlue-bak-B2B-22-03-2023_LOWRES.png\",\"datePublished\":\"2025-06-04T21:59:02+00:00\",\"dateModified\":\"2025-07-08T21:24:18+00:00\",\"description\":\"Caja de carga frontal con seguridad RFID para Urban Arrow L\\\/XL. Modular, ligero, cabe hasta 7 Euroboxes. Hecho para la exigente log\u00edstica de \u00faltima milla.\",\"breadcrumb\":{\"@id\":\"https:\\\/\\\/hypabox.com\\\/es\\\/producto\\\/cajas-de-carga-frontal\\\/#breadcrumb\"},\"inLanguage\":\"es\",\"potentialAction\":[{\"@type\":\"ReadAction\",\"target\":[\"https:\\\/\\\/hypabox.com\\\/es\\\/producto\\\/cajas-de-carga-frontal\\\/\"]}]},{\"@type\":\"ImageObject\",\"inLanguage\":\"es\",\"@id\":\"https:\\\/\\\/hypabox.com\\\/es\\\/producto\\\/cajas-de-carga-frontal\\\/#primaryimage\",\"url\":\"https:\\\/\\\/hypabox.com\\\/wp-content\\\/uploads\\\/2025\\\/10\\\/NoBlue-bak-B2B-22-03-2023_LOWRES.png\",\"contentUrl\":\"https:\\\/\\\/hypabox.com\\\/wp-content\\\/uploads\\\/2025\\\/10\\\/NoBlue-bak-B2B-22-03-2023_LOWRES.png\",\"width\":2048,\"height\":1365},{\"@type\":\"BreadcrumbList\",\"@id\":\"https:\\\/\\\/hypabox.com\\\/es\\\/producto\\\/cajas-de-carga-frontal\\\/#breadcrumb\",\"itemListElement\":[{\"@type\":\"ListItem\",\"position\":1,\"name\":\"Inicio\",\"item\":\"https:\\\/\\\/hypabox.com\\\/es\\\/\"},{\"@type\":\"ListItem\",\"position\":2,\"name\":\"Tienda\",\"item\":\"https:\\\/\\\/hypabox.com\\\/es\\\/tienda\\\/\"},{\"@type\":\"ListItem\",\"position\":3,\"name\":\"MULAN\"}]},{\"@type\":\"WebSite\",\"@id\":\"https:\\\/\\\/hypabox.com\\\/es\\\/#website\",\"url\":\"https:\\\/\\\/hypabox.com\\\/es\\\/\",\"name\":\"HYPABOX\",\"description\":\"Heavy Duty Yet Perfectly Agile\",\"potentialAction\":[{\"@type\":\"SearchAction\",\"target\":{\"@type\":\"EntryPoint\",\"urlTemplate\":\"https:\\\/\\\/hypabox.com\\\/es\\\/?s={search_term_string}\"},\"query-input\":{\"@type\":\"PropertyValueSpecification\",\"valueRequired\":true,\"valueName\":\"search_term_string\"}}],\"inLanguage\":\"es\"}]}<\/script>\n<!-- \/ Yoast SEO plugin. -->","yoast_head_json":{"title":"MULAN - HYPABOX","description":"Caja de carga frontal con seguridad RFID para Urban Arrow L\/XL. Modular, ligero, cabe hasta 7 Euroboxes. Hecho para la exigente log\u00edstica de \u00faltima milla.","robots":{"index":"index","follow":"follow","max-snippet":"max-snippet:-1","max-image-preview":"max-image-preview:large","max-video-preview":"max-video-preview:-1"},"canonical":"https:\/\/hypabox.com\/es\/producto\/cajas-de-carga-frontal\/","og_locale":"es_ES","og_type":"article","og_title":"MULAN - HYPABOX","og_description":"Caja de carga frontal con seguridad RFID para Urban Arrow L\/XL. Modular, ligero, cabe hasta 7 Euroboxes. Hecho para la exigente log\u00edstica de \u00faltima milla.","og_url":"https:\/\/hypabox.com\/es\/producto\/cajas-de-carga-frontal\/","og_site_name":"HYPABOX","article_modified_time":"2025-07-08T21:24:18+00:00","og_image":[{"width":2048,"height":1365,"url":"https:\/\/hypabox.com\/wp-content\/uploads\/2025\/06\/Coolblue-bak-B2B-22-03-2023_LOWRES-1.jpg","type":"image\/jpeg"}],"twitter_card":"summary_large_image","twitter_misc":{"Tiempo de lectura":"1 minuto"},"schema":{"@context":"https:\/\/schema.org","@graph":[{"@type":"WebPage","@id":"https:\/\/hypabox.com\/es\/producto\/cajas-de-carga-frontal\/","url":"https:\/\/hypabox.com\/es\/producto\/cajas-de-carga-frontal\/","name":"MULAN - HYPABOX","isPartOf":{"@id":"https:\/\/hypabox.com\/es\/#website"},"primaryImageOfPage":{"@id":"https:\/\/hypabox.com\/es\/producto\/cajas-de-carga-frontal\/#primaryimage"},"image":{"@id":"https:\/\/hypabox.com\/es\/producto\/cajas-de-carga-frontal\/#primaryimage"},"thumbnailUrl":"https:\/\/hypabox.com\/wp-content\/uploads\/2025\/10\/NoBlue-bak-B2B-22-03-2023_LOWRES.png","datePublished":"2025-06-04T21:59:02+00:00","dateModified":"2025-07-08T21:24:18+00:00","description":"Caja de carga frontal con seguridad RFID para Urban Arrow L\/XL. Modular, ligero, cabe hasta 7 Euroboxes. Hecho para la exigente log\u00edstica de \u00faltima milla.","breadcrumb":{"@id":"https:\/\/hypabox.com\/es\/producto\/cajas-de-carga-frontal\/#breadcrumb"},"inLanguage":"es","potentialAction":[{"@type":"ReadAction","target":["https:\/\/hypabox.com\/es\/producto\/cajas-de-carga-frontal\/"]}]},{"@type":"ImageObject","inLanguage":"es","@id":"https:\/\/hypabox.com\/es\/producto\/cajas-de-carga-frontal\/#primaryimage","url":"https:\/\/hypabox.com\/wp-content\/uploads\/2025\/10\/NoBlue-bak-B2B-22-03-2023_LOWRES.png","contentUrl":"https:\/\/hypabox.com\/wp-content\/uploads\/2025\/10\/NoBlue-bak-B2B-22-03-2023_LOWRES.png","width":2048,"height":1365},{"@type":"BreadcrumbList","@id":"https:\/\/hypabox.com\/es\/producto\/cajas-de-carga-frontal\/#breadcrumb","itemListElement":[{"@type":"ListItem","position":1,"name":"Inicio","item":"https:\/\/hypabox.com\/es\/"},{"@type":"ListItem","position":2,"name":"Tienda","item":"https:\/\/hypabox.com\/es\/tienda\/"},{"@type":"ListItem","position":3,"name":"MULAN"}]},{"@type":"WebSite","@id":"https:\/\/hypabox.com\/es\/#website","url":"https:\/\/hypabox.com\/es\/","name":"HYPABOX","description":"Heavy Duty Yet Perfectly Agile","potentialAction":[{"@type":"SearchAction","target":{"@type":"EntryPoint","urlTemplate":"https:\/\/hypabox.com\/es\/?s={search_term_string}"},"query-input":{"@type":"PropertyValueSpecification","valueRequired":true,"valueName":"search_term_string"}}],"inLanguage":"es"}]}},"jetpack_sharing_enabled":true,"_links":{"self":[{"href":"https:\/\/hypabox.com\/es\/wp-json\/wp\/v2\/product\/1574","targetHints":{"allow":["GET"]}}],"collection":[{"href":"https:\/\/hypabox.com\/es\/wp-json\/wp\/v2\/product"}],"about":[{"href":"https:\/\/hypabox.com\/es\/wp-json\/wp\/v2\/types\/product"}],"wp:featuredmedia":[{"embeddable":true,"href":"https:\/\/hypabox.com\/es\/wp-json\/wp\/v2\/media\/2929"}],"wp:attachment":[{"href":"https:\/\/hypabox.com\/es\/wp-json\/wp\/v2\/media?parent=1574"}],"wp:term":[{"taxonomy":"product_brand","embeddable":true,"href":"https:\/\/hypabox.com\/es\/wp-json\/wp\/v2\/product_brand?post=1574"},{"taxonomy":"product_cat","embeddable":true,"href":"https:\/\/hypabox.com\/es\/wp-json\/wp\/v2\/product_cat?post=1574"},{"taxonomy":"product_tag","embeddable":true,"href":"https:\/\/hypabox.com\/es\/wp-json\/wp\/v2\/product_tag?post=1574"}],"curies":[{"name":"wp","href":"https:\/\/api.w.org\/{rel}","templated":true}]}}