{"id":1911,"date":"2025-07-07T22:16:06","date_gmt":"2025-07-07T20:16:06","guid":{"rendered":"https:\/\/hypabox.com\/?post_type=product&#038;p=1911"},"modified":"2025-07-08T19:15:41","modified_gmt":"2025-07-08T17:15:41","slug":"cajas-de-carga-frontal-copy","status":"publish","type":"product","link":"https:\/\/hypabox.com\/es\/producto\/cajas-de-carga-frontal-copy\/","title":{"rendered":"LUCY 70: caja de carga delantera compacta"},"content":{"rendered":"<h3><b>Inteligente, fuerte y dise\u00f1ado para tu conducci\u00f3n diaria.<\/b><\/h3>\n<p class=\"p3\"><span class=\"s2\"><b>LUCY 70<\/b><\/span> es nuestra caja de carga compacta de carga frontal, dise\u00f1ada para bicicletas de carga de dos ruedas estrechas. Tanto si la utilizas para tareas comerciales ligeras, entregas diarias o transporte privado, la Lucy 70 combina construcci\u00f3n ligera, utilidad pr\u00e1ctica y dise\u00f1o limpio. <\/p>\n<hr>\n<h3><b>Especificaciones t\u00e9cnicas<\/b><\/h3>\n<ul>\n<li>\n<p class=\"p1\"><span class=\"s1\"><b>Volumen<\/b><\/span> 291 litros<\/p>\n<\/li>\n<li>\n<p class=\"p1\"><span class=\"s1\"><b>Peso:<\/b><\/span> 21,7 - 23,2 kg<\/p>\n<\/li>\n<li>\n<p class=\"p1\"><b>Dimensiones interiores (L \u00d7 A \u00d7 A):<\/b><span class=\"s1\"> 683 \u00d7 625 \u00d7 600 mm<\/span><\/p>\n<\/li>\n<li>\n<p class=\"p1\"><b>Anchura exterior<\/b><span class=\"s1\"> 648 mm<\/span><\/p>\n<\/li>\n<li>\n<p class=\"p1\"><span class=\"s1\"><b>Sistema de bloqueo:<\/b><\/span> Cerradura mec\u00e1nica<\/p>\n<\/li>\n<li>\n<p class=\"p1\"><span class=\"s1\"><b>Materiales:<\/b><\/span> Paneles ligeros de PP con marco de aluminio<\/p>\n<\/li>\n<li>\n<p class=\"p1\"><span class=\"s1\"><b>Tapa:<\/b><\/span> Tapa acr\u00edlica deslizante, dise\u00f1o en dos partes<\/p>\n<\/li>\n<li>\n<p class=\"p1\"><span class=\"s1\"><b>Opcional:<\/b><\/span> Marca, accesorios, separador<\/p>\n<\/li>\n<\/ul>\n<hr>\n<h3><b>Caso pr\u00e1ctico<\/b><\/h3>\n<p class=\"p4\"><b>Compacta e inteligente: perfecta para el uso diario.<\/b><b><\/b><\/p>\n<p class=\"p3\">LUCY 70 es ideal para empresas y particulares que buscan una soluci\u00f3n de carga delgada y eficiente, sin el peso ni el volumen de las cajas de carga delanteras m\u00e1s grandes.<\/p>\n<hr>\n<h3><b>Entrega e instalaci\u00f3n<\/b><\/h3>\n<ul>\n<li>\n<p class=\"p1\">Se entrega premontada o en paquete plano (bajo pedido)<\/p>\n<\/li>\n<li>\n<p class=\"p1\">Montaje disponible a trav\u00e9s de nuestros socios<\/p>\n<\/li>\n<li>\n<p class=\"p1\">Posibilidad de personalizar la marca y la configuraci\u00f3n<\/p>\n<\/li>\n<\/ul>\n<hr>\n<h3><b>\u00bfTe interesa?<\/b><\/h3>\n<p class=\"p3\">Puede comprar LUCY 70 directamente o ponerse en contacto con nosotros para configuraciones personalizadas y pedidos B2B.<\/p>\n","protected":false},"excerpt":{"rendered":"<p><strong>Lucy 70<\/strong> es nuestra caja de carga frontal compacta y ligera para bicicletas de carga de dos ruedas con cuadros m\u00e1s estrechos.<br \/>\nIdeal para el transporte diario, tareas comerciales ligeras o recados urbanos.<\/p>\n","protected":false},"featured_media":2167,"template":"","meta":{"_kadence_starter_templates_imported_post":false,"_kad_post_transparent":"default","_kad_post_title":"","_kad_post_layout":"default","_kad_post_sidebar_id":"","_kad_post_content_style":"default","_kad_post_vertical_padding":"default","_kad_post_feature":"","_kad_post_feature_position":"","_kad_post_header":false,"_kad_post_footer":false,"_kad_post_classname":""},"product_brand":[],"product_cat":[84,97],"product_tag":[],"class_list":{"0":"post-1911","1":"product","2":"type-product","3":"status-publish","4":"has-post-thumbnail","6":"product_cat-cajas-de-carga-frontal","7":"product_cat-lucy-70-es","8":"product_shipping_class-dpd-xl-315kg-es","10":"first","11":"instock","12":"taxable","13":"shipping-taxable","14":"purchasable","15":"product-type-variable","16":"entry","17":"content-bg","18":"loop-entry"},"yoast_head":"<!-- This site is optimized with the Yoast SEO plugin v27.3 - https:\/\/yoast.com\/product\/yoast-seo-wordpress\/ -->\n<title>LUCY 70: caja de carga delantera compacta - HYPABOX<\/title>\n<meta name=\"description\" content=\"Caja de carga frontal ligera para Bullitt y Urban Arrow Cargo L. Ideal para el transporte urbano diario en el \u00e1mbito empresarial o privado. Volumen: 291 L.\" \/>\n<meta name=\"robots\" content=\"index, follow, max-snippet:-1, max-image-preview:large, max-video-preview:-1\" \/>\n<link rel=\"canonical\" href=\"https:\/\/hypabox.com\/es\/producto\/cajas-de-carga-frontal-copy\/\" \/>\n<meta property=\"og:locale\" content=\"es_ES\" \/>\n<meta property=\"og:type\" content=\"article\" \/>\n<meta property=\"og:title\" content=\"LUCY 70: caja de carga delantera compacta - HYPABOX\" \/>\n<meta property=\"og:description\" content=\"Caja de carga frontal ligera para Bullitt y Urban Arrow Cargo L. Ideal para el transporte urbano diario en el \u00e1mbito empresarial o privado. Volumen: 291 L.\" \/>\n<meta property=\"og:url\" content=\"https:\/\/hypabox.com\/es\/producto\/cajas-de-carga-frontal-copy\/\" \/>\n<meta property=\"og:site_name\" content=\"HYPABOX\" \/>\n<meta property=\"article:modified_time\" content=\"2025-07-08T17:15:41+00:00\" \/>\n<meta property=\"og:image\" content=\"https:\/\/hypabox.com\/wp-content\/uploads\/2025\/07\/LH-HS-01-001-scaled.jpg\" \/>\n\t<meta property=\"og:image:width\" content=\"2560\" \/>\n\t<meta property=\"og:image:height\" content=\"2335\" \/>\n\t<meta property=\"og:image:type\" content=\"image\/jpeg\" \/>\n<meta name=\"twitter:card\" content=\"summary_large_image\" \/>\n<meta name=\"twitter:label1\" content=\"Tiempo de lectura\" \/>\n\t<meta name=\"twitter:data1\" content=\"1 minuto\" \/>\n<script type=\"application\/ld+json\" class=\"yoast-schema-graph\">{\"@context\":\"https:\\\/\\\/schema.org\",\"@graph\":[{\"@type\":\"WebPage\",\"@id\":\"https:\\\/\\\/hypabox.com\\\/es\\\/producto\\\/cajas-de-carga-frontal-copy\\\/\",\"url\":\"https:\\\/\\\/hypabox.com\\\/es\\\/producto\\\/cajas-de-carga-frontal-copy\\\/\",\"name\":\"LUCY 70: caja de carga delantera compacta - HYPABOX\",\"isPartOf\":{\"@id\":\"https:\\\/\\\/hypabox.com\\\/es\\\/#website\"},\"primaryImageOfPage\":{\"@id\":\"https:\\\/\\\/hypabox.com\\\/es\\\/producto\\\/cajas-de-carga-frontal-copy\\\/#primaryimage\"},\"image\":{\"@id\":\"https:\\\/\\\/hypabox.com\\\/es\\\/producto\\\/cajas-de-carga-frontal-copy\\\/#primaryimage\"},\"thumbnailUrl\":\"https:\\\/\\\/hypabox.com\\\/wp-content\\\/uploads\\\/2025\\\/07\\\/LH-HS-01-001-scaled.jpg\",\"datePublished\":\"2025-07-07T20:16:06+00:00\",\"dateModified\":\"2025-07-08T17:15:41+00:00\",\"description\":\"Caja de carga frontal ligera para Bullitt y Urban Arrow Cargo L. Ideal para el transporte urbano diario en el \u00e1mbito empresarial o privado. Volumen: 291 L.\",\"breadcrumb\":{\"@id\":\"https:\\\/\\\/hypabox.com\\\/es\\\/producto\\\/cajas-de-carga-frontal-copy\\\/#breadcrumb\"},\"inLanguage\":\"es\",\"potentialAction\":[{\"@type\":\"ReadAction\",\"target\":[\"https:\\\/\\\/hypabox.com\\\/es\\\/producto\\\/cajas-de-carga-frontal-copy\\\/\"]}]},{\"@type\":\"ImageObject\",\"inLanguage\":\"es\",\"@id\":\"https:\\\/\\\/hypabox.com\\\/es\\\/producto\\\/cajas-de-carga-frontal-copy\\\/#primaryimage\",\"url\":\"https:\\\/\\\/hypabox.com\\\/wp-content\\\/uploads\\\/2025\\\/07\\\/LH-HS-01-001-scaled.jpg\",\"contentUrl\":\"https:\\\/\\\/hypabox.com\\\/wp-content\\\/uploads\\\/2025\\\/07\\\/LH-HS-01-001-scaled.jpg\",\"width\":2560,\"height\":2335},{\"@type\":\"BreadcrumbList\",\"@id\":\"https:\\\/\\\/hypabox.com\\\/es\\\/producto\\\/cajas-de-carga-frontal-copy\\\/#breadcrumb\",\"itemListElement\":[{\"@type\":\"ListItem\",\"position\":1,\"name\":\"Inicio\",\"item\":\"https:\\\/\\\/hypabox.com\\\/es\\\/\"},{\"@type\":\"ListItem\",\"position\":2,\"name\":\"Tienda\",\"item\":\"https:\\\/\\\/hypabox.com\\\/es\\\/tienda\\\/\"},{\"@type\":\"ListItem\",\"position\":3,\"name\":\"LUCY 70: caja de carga delantera compacta\"}]},{\"@type\":\"WebSite\",\"@id\":\"https:\\\/\\\/hypabox.com\\\/es\\\/#website\",\"url\":\"https:\\\/\\\/hypabox.com\\\/es\\\/\",\"name\":\"HYPABOX\",\"description\":\"Heavy Duty Yet Perfectly Agile\",\"potentialAction\":[{\"@type\":\"SearchAction\",\"target\":{\"@type\":\"EntryPoint\",\"urlTemplate\":\"https:\\\/\\\/hypabox.com\\\/es\\\/?s={search_term_string}\"},\"query-input\":{\"@type\":\"PropertyValueSpecification\",\"valueRequired\":true,\"valueName\":\"search_term_string\"}}],\"inLanguage\":\"es\"}]}<\/script>\n<!-- \/ Yoast SEO plugin. -->","yoast_head_json":{"title":"LUCY 70: caja de carga delantera compacta - HYPABOX","description":"Caja de carga frontal ligera para Bullitt y Urban Arrow Cargo L. Ideal para el transporte urbano diario en el \u00e1mbito empresarial o privado. Volumen: 291 L.","robots":{"index":"index","follow":"follow","max-snippet":"max-snippet:-1","max-image-preview":"max-image-preview:large","max-video-preview":"max-video-preview:-1"},"canonical":"https:\/\/hypabox.com\/es\/producto\/cajas-de-carga-frontal-copy\/","og_locale":"es_ES","og_type":"article","og_title":"LUCY 70: caja de carga delantera compacta - HYPABOX","og_description":"Caja de carga frontal ligera para Bullitt y Urban Arrow Cargo L. Ideal para el transporte urbano diario en el \u00e1mbito empresarial o privado. Volumen: 291 L.","og_url":"https:\/\/hypabox.com\/es\/producto\/cajas-de-carga-frontal-copy\/","og_site_name":"HYPABOX","article_modified_time":"2025-07-08T17:15:41+00:00","og_image":[{"width":2560,"height":2335,"url":"https:\/\/hypabox.com\/wp-content\/uploads\/2025\/07\/LH-HS-01-001-scaled.jpg","type":"image\/jpeg"}],"twitter_card":"summary_large_image","twitter_misc":{"Tiempo de lectura":"1 minuto"},"schema":{"@context":"https:\/\/schema.org","@graph":[{"@type":"WebPage","@id":"https:\/\/hypabox.com\/es\/producto\/cajas-de-carga-frontal-copy\/","url":"https:\/\/hypabox.com\/es\/producto\/cajas-de-carga-frontal-copy\/","name":"LUCY 70: caja de carga delantera compacta - HYPABOX","isPartOf":{"@id":"https:\/\/hypabox.com\/es\/#website"},"primaryImageOfPage":{"@id":"https:\/\/hypabox.com\/es\/producto\/cajas-de-carga-frontal-copy\/#primaryimage"},"image":{"@id":"https:\/\/hypabox.com\/es\/producto\/cajas-de-carga-frontal-copy\/#primaryimage"},"thumbnailUrl":"https:\/\/hypabox.com\/wp-content\/uploads\/2025\/07\/LH-HS-01-001-scaled.jpg","datePublished":"2025-07-07T20:16:06+00:00","dateModified":"2025-07-08T17:15:41+00:00","description":"Caja de carga frontal ligera para Bullitt y Urban Arrow Cargo L. Ideal para el transporte urbano diario en el \u00e1mbito empresarial o privado. Volumen: 291 L.","breadcrumb":{"@id":"https:\/\/hypabox.com\/es\/producto\/cajas-de-carga-frontal-copy\/#breadcrumb"},"inLanguage":"es","potentialAction":[{"@type":"ReadAction","target":["https:\/\/hypabox.com\/es\/producto\/cajas-de-carga-frontal-copy\/"]}]},{"@type":"ImageObject","inLanguage":"es","@id":"https:\/\/hypabox.com\/es\/producto\/cajas-de-carga-frontal-copy\/#primaryimage","url":"https:\/\/hypabox.com\/wp-content\/uploads\/2025\/07\/LH-HS-01-001-scaled.jpg","contentUrl":"https:\/\/hypabox.com\/wp-content\/uploads\/2025\/07\/LH-HS-01-001-scaled.jpg","width":2560,"height":2335},{"@type":"BreadcrumbList","@id":"https:\/\/hypabox.com\/es\/producto\/cajas-de-carga-frontal-copy\/#breadcrumb","itemListElement":[{"@type":"ListItem","position":1,"name":"Inicio","item":"https:\/\/hypabox.com\/es\/"},{"@type":"ListItem","position":2,"name":"Tienda","item":"https:\/\/hypabox.com\/es\/tienda\/"},{"@type":"ListItem","position":3,"name":"LUCY 70: caja de carga delantera compacta"}]},{"@type":"WebSite","@id":"https:\/\/hypabox.com\/es\/#website","url":"https:\/\/hypabox.com\/es\/","name":"HYPABOX","description":"Heavy Duty Yet Perfectly Agile","potentialAction":[{"@type":"SearchAction","target":{"@type":"EntryPoint","urlTemplate":"https:\/\/hypabox.com\/es\/?s={search_term_string}"},"query-input":{"@type":"PropertyValueSpecification","valueRequired":true,"valueName":"search_term_string"}}],"inLanguage":"es"}]}},"jetpack_sharing_enabled":true,"_links":{"self":[{"href":"https:\/\/hypabox.com\/es\/wp-json\/wp\/v2\/product\/1911","targetHints":{"allow":["GET"]}}],"collection":[{"href":"https:\/\/hypabox.com\/es\/wp-json\/wp\/v2\/product"}],"about":[{"href":"https:\/\/hypabox.com\/es\/wp-json\/wp\/v2\/types\/product"}],"wp:featuredmedia":[{"embeddable":true,"href":"https:\/\/hypabox.com\/es\/wp-json\/wp\/v2\/media\/2167"}],"wp:attachment":[{"href":"https:\/\/hypabox.com\/es\/wp-json\/wp\/v2\/media?parent=1911"}],"wp:term":[{"taxonomy":"product_brand","embeddable":true,"href":"https:\/\/hypabox.com\/es\/wp-json\/wp\/v2\/product_brand?post=1911"},{"taxonomy":"product_cat","embeddable":true,"href":"https:\/\/hypabox.com\/es\/wp-json\/wp\/v2\/product_cat?post=1911"},{"taxonomy":"product_tag","embeddable":true,"href":"https:\/\/hypabox.com\/es\/wp-json\/wp\/v2\/product_tag?post=1911"}],"curies":[{"name":"wp","href":"https:\/\/api.w.org\/{rel}","templated":true}]}}