{"id":2244,"date":"2025-07-08T00:36:26","date_gmt":"2025-07-07T22:36:26","guid":{"rendered":"https:\/\/hypabox.com\/product\/lucy-80-caja-compacta-de-carga-frontal\/"},"modified":"2025-07-08T19:06:49","modified_gmt":"2025-07-08T17:06:49","slug":"lucy-80-caja-compacta-de-carga-frontal","status":"publish","type":"product","link":"https:\/\/hypabox.com\/es\/producto\/lucy-80-caja-compacta-de-carga-frontal\/","title":{"rendered":"LUCY 80 - Caja compacta de carga frontal"},"content":{"rendered":"<h2><b>LUCY 80 - Caja de carga frontal vers\u00e1til para cargas m\u00e1s grandes<\/b><\/h2>\n<h3><b>Espacioso, fiable y listo para tus tareas de transporte.<\/b><\/h3>\n<p class=\"p3\"><span class=\"s2\"><b>LUCY 80<\/b><\/span> es nuestra caja de carga frontal m\u00e1s grande, dise\u00f1ada para motos de carga con m\u00e1s espacio delante. Tanto si vas a repartir mercanc\u00edas como a transportar herramientas o simplemente a transportar m\u00e1s cosas, la Lucy 80 ofrece la mezcla ideal de volumen, estabilidad y dise\u00f1o pr\u00e1ctico. <\/p>\n<hr>\n<h3><b>Especificaciones t\u00e9cnicas<\/b><\/h3>\n<ul>\n<li>\n<p class=\"p1\"><span class=\"s1\"><b>Volumen<\/b><\/span> 336 litros<\/p>\n<\/li>\n<li>\n<p class=\"p1\"><span class=\"s1\"><b>Peso:<\/b><\/span> 21,9 - 23,4 kg<\/p>\n<\/li>\n<li>\n<p class=\"p1\"><b>Dimensiones interiores (L \u00d7 A \u00d7 A):<\/b><span class=\"s1\"> 804 \u00d7 625 \u00d7 600 mm<\/span><\/p>\n<\/li>\n<li>\n<p class=\"p1\"><b>Anchura exterior<\/b><span class=\"s1\"> 648 mm<\/span><\/p>\n<\/li>\n<li>\n<p class=\"p1\"><span class=\"s1\"><b>Sistema de bloqueo:<\/b><\/span> Cerradura mec\u00e1nica<\/p>\n<\/li>\n<li>\n<p class=\"p1\"><span class=\"s1\"><b>Materiales:<\/b><\/span> Paneles de PP soldados con bordes de aluminio<\/p>\n<\/li>\n<li>\n<p class=\"p1\"><span class=\"s1\"><b>Tapa:<\/b><\/span> Tapa acr\u00edlica deslizante, robusta construcci\u00f3n en dos partes<\/p>\n<\/li>\n<li>\n<p class=\"p1\"><span class=\"s1\"><b>Opcional:<\/b><\/span> Marca personalizada, inserci\u00f3n en estante, opciones de accesorios<\/p>\n<\/li>\n<\/ul>\n<hr>\n<h3><b>Caso pr\u00e1ctico<\/b><\/h3>\n<p class=\"p1\"><b>Espaciosa y robusta: la caja todoterreno para el transporte diario.<\/b><b><\/b><\/p>\n<p class=\"p2\">Perfecta para uso comercial ligero, servicio municipal o necesidades privadas de carga, la Lucy 80 ofrece m\u00e1s volumen sin comprometer la usabilidad.<\/p>\n<hr>\n<h3><b>Entrega e instalaci\u00f3n<\/b><\/h3>\n<ul>\n<li>\n<p class=\"p1\">Se env\u00eda totalmente montado o en paquete plano bajo pedido<\/p>\n<\/li>\n<li>\n<p class=\"p1\">F\u00e1cil instalaci\u00f3n con el kit adaptador<\/p>\n<\/li>\n<li>\n<p class=\"p1\">Marca personalizada disponible para flotas y socios<\/p>\n<\/li>\n<\/ul>\n<hr>\n<h3><b>\u00bfTe interesa?<\/b><\/h3>\n<p class=\"p1\"><strong>LUCY 80<\/strong> est\u00e1 disponible para compra directa o distribuci\u00f3n B2B, \u00a1s\u00f3lo tienes que decirnos qu\u00e9 configuraci\u00f3n necesitas!<\/p>\n","protected":false},"excerpt":{"rendered":"<p><strong>LUCY 80<\/strong> ofrece m\u00e1s volumen y flexibilidad para tu transporte diario de carga.<br \/>\nConstruida para bicicletas de carga frontal m\u00e1s grandes, es la soluci\u00f3n perfecta para uso profesional o personal.<\/p>\n","protected":false},"featured_media":2173,"template":"","meta":{"_kadence_starter_templates_imported_post":false,"_kad_post_transparent":"","_kad_post_title":"","_kad_post_layout":"","_kad_post_sidebar_id":"","_kad_post_content_style":"","_kad_post_vertical_padding":"","_kad_post_feature":"","_kad_post_feature_position":"","_kad_post_header":false,"_kad_post_footer":false,"_kad_post_classname":""},"product_brand":[],"product_cat":[84,103],"product_tag":[],"class_list":{"0":"post-2244","1":"product","2":"type-product","3":"status-publish","4":"has-post-thumbnail","6":"product_cat-cajas-de-carga-frontal","7":"product_cat-lucy-80-es","8":"product_shipping_class-dpd-xl-315kg-es","10":"first","11":"instock","12":"taxable","13":"shipping-taxable","14":"purchasable","15":"product-type-variable","16":"has-default-attributes","17":"entry","18":"content-bg","19":"loop-entry"},"yoast_head":"<!-- This site is optimized with the Yoast SEO plugin v27.3 - https:\/\/yoast.com\/product\/yoast-seo-wordpress\/ -->\n<title>LUCY 80 - Caja compacta de carga frontal - HYPABOX<\/title>\n<meta name=\"description\" content=\"Espaciosa caja de carga frontal para BullittX, Cargo XL, Rapid y m\u00e1s. Perfecta para el transporte flexible de carga urbana. Volumen: 336 L.\" \/>\n<meta name=\"robots\" content=\"index, follow, max-snippet:-1, max-image-preview:large, max-video-preview:-1\" \/>\n<link rel=\"canonical\" href=\"https:\/\/hypabox.com\/es\/producto\/lucy-80-caja-compacta-de-carga-frontal\/\" \/>\n<meta property=\"og:locale\" content=\"es_ES\" \/>\n<meta property=\"og:type\" content=\"article\" \/>\n<meta property=\"og:title\" content=\"LUCY 80 - Caja compacta de carga frontal - HYPABOX\" \/>\n<meta property=\"og:description\" content=\"Espaciosa caja de carga frontal para BullittX, Cargo XL, Rapid y m\u00e1s. Perfecta para el transporte flexible de carga urbana. Volumen: 336 L.\" \/>\n<meta property=\"og:url\" content=\"https:\/\/hypabox.com\/es\/producto\/lucy-80-caja-compacta-de-carga-frontal\/\" \/>\n<meta property=\"og:site_name\" content=\"HYPABOX\" \/>\n<meta property=\"article:modified_time\" content=\"2025-07-08T17:06:49+00:00\" \/>\n<meta property=\"og:image\" content=\"https:\/\/hypabox.com\/wp-content\/uploads\/2025\/07\/20241220_145228-2-scaled.jpg\" \/>\n\t<meta property=\"og:image:width\" content=\"2560\" \/>\n\t<meta property=\"og:image:height\" content=\"1920\" \/>\n\t<meta property=\"og:image:type\" content=\"image\/jpeg\" \/>\n<meta name=\"twitter:card\" content=\"summary_large_image\" \/>\n<meta name=\"twitter:label1\" content=\"Tiempo de lectura\" \/>\n\t<meta name=\"twitter:data1\" content=\"1 minuto\" \/>\n<script type=\"application\/ld+json\" class=\"yoast-schema-graph\">{\"@context\":\"https:\\\/\\\/schema.org\",\"@graph\":[{\"@type\":\"WebPage\",\"@id\":\"https:\\\/\\\/hypabox.com\\\/es\\\/producto\\\/lucy-80-caja-compacta-de-carga-frontal\\\/\",\"url\":\"https:\\\/\\\/hypabox.com\\\/es\\\/producto\\\/lucy-80-caja-compacta-de-carga-frontal\\\/\",\"name\":\"LUCY 80 - Caja compacta de carga frontal - HYPABOX\",\"isPartOf\":{\"@id\":\"https:\\\/\\\/hypabox.com\\\/es\\\/#website\"},\"primaryImageOfPage\":{\"@id\":\"https:\\\/\\\/hypabox.com\\\/es\\\/producto\\\/lucy-80-caja-compacta-de-carga-frontal\\\/#primaryimage\"},\"image\":{\"@id\":\"https:\\\/\\\/hypabox.com\\\/es\\\/producto\\\/lucy-80-caja-compacta-de-carga-frontal\\\/#primaryimage\"},\"thumbnailUrl\":\"https:\\\/\\\/hypabox.com\\\/wp-content\\\/uploads\\\/2025\\\/07\\\/20241220_145228-2-scaled.jpg\",\"datePublished\":\"2025-07-07T22:36:26+00:00\",\"dateModified\":\"2025-07-08T17:06:49+00:00\",\"description\":\"Espaciosa caja de carga frontal para BullittX, Cargo XL, Rapid y m\u00e1s. Perfecta para el transporte flexible de carga urbana. Volumen: 336 L.\",\"breadcrumb\":{\"@id\":\"https:\\\/\\\/hypabox.com\\\/es\\\/producto\\\/lucy-80-caja-compacta-de-carga-frontal\\\/#breadcrumb\"},\"inLanguage\":\"es\",\"potentialAction\":[{\"@type\":\"ReadAction\",\"target\":[\"https:\\\/\\\/hypabox.com\\\/es\\\/producto\\\/lucy-80-caja-compacta-de-carga-frontal\\\/\"]}]},{\"@type\":\"ImageObject\",\"inLanguage\":\"es\",\"@id\":\"https:\\\/\\\/hypabox.com\\\/es\\\/producto\\\/lucy-80-caja-compacta-de-carga-frontal\\\/#primaryimage\",\"url\":\"https:\\\/\\\/hypabox.com\\\/wp-content\\\/uploads\\\/2025\\\/07\\\/20241220_145228-2-scaled.jpg\",\"contentUrl\":\"https:\\\/\\\/hypabox.com\\\/wp-content\\\/uploads\\\/2025\\\/07\\\/20241220_145228-2-scaled.jpg\",\"width\":2560,\"height\":1920},{\"@type\":\"BreadcrumbList\",\"@id\":\"https:\\\/\\\/hypabox.com\\\/es\\\/producto\\\/lucy-80-caja-compacta-de-carga-frontal\\\/#breadcrumb\",\"itemListElement\":[{\"@type\":\"ListItem\",\"position\":1,\"name\":\"Inicio\",\"item\":\"https:\\\/\\\/hypabox.com\\\/es\\\/\"},{\"@type\":\"ListItem\",\"position\":2,\"name\":\"Tienda\",\"item\":\"https:\\\/\\\/hypabox.com\\\/es\\\/tienda\\\/\"},{\"@type\":\"ListItem\",\"position\":3,\"name\":\"LUCY 80 - Caja compacta de carga frontal\"}]},{\"@type\":\"WebSite\",\"@id\":\"https:\\\/\\\/hypabox.com\\\/es\\\/#website\",\"url\":\"https:\\\/\\\/hypabox.com\\\/es\\\/\",\"name\":\"HYPABOX\",\"description\":\"Heavy Duty Yet Perfectly Agile\",\"potentialAction\":[{\"@type\":\"SearchAction\",\"target\":{\"@type\":\"EntryPoint\",\"urlTemplate\":\"https:\\\/\\\/hypabox.com\\\/es\\\/?s={search_term_string}\"},\"query-input\":{\"@type\":\"PropertyValueSpecification\",\"valueRequired\":true,\"valueName\":\"search_term_string\"}}],\"inLanguage\":\"es\"}]}<\/script>\n<!-- \/ Yoast SEO plugin. -->","yoast_head_json":{"title":"LUCY 80 - Caja compacta de carga frontal - HYPABOX","description":"Espaciosa caja de carga frontal para BullittX, Cargo XL, Rapid y m\u00e1s. Perfecta para el transporte flexible de carga urbana. Volumen: 336 L.","robots":{"index":"index","follow":"follow","max-snippet":"max-snippet:-1","max-image-preview":"max-image-preview:large","max-video-preview":"max-video-preview:-1"},"canonical":"https:\/\/hypabox.com\/es\/producto\/lucy-80-caja-compacta-de-carga-frontal\/","og_locale":"es_ES","og_type":"article","og_title":"LUCY 80 - Caja compacta de carga frontal - HYPABOX","og_description":"Espaciosa caja de carga frontal para BullittX, Cargo XL, Rapid y m\u00e1s. Perfecta para el transporte flexible de carga urbana. Volumen: 336 L.","og_url":"https:\/\/hypabox.com\/es\/producto\/lucy-80-caja-compacta-de-carga-frontal\/","og_site_name":"HYPABOX","article_modified_time":"2025-07-08T17:06:49+00:00","og_image":[{"width":2560,"height":1920,"url":"https:\/\/hypabox.com\/wp-content\/uploads\/2025\/07\/20241220_145228-2-scaled.jpg","type":"image\/jpeg"}],"twitter_card":"summary_large_image","twitter_misc":{"Tiempo de lectura":"1 minuto"},"schema":{"@context":"https:\/\/schema.org","@graph":[{"@type":"WebPage","@id":"https:\/\/hypabox.com\/es\/producto\/lucy-80-caja-compacta-de-carga-frontal\/","url":"https:\/\/hypabox.com\/es\/producto\/lucy-80-caja-compacta-de-carga-frontal\/","name":"LUCY 80 - Caja compacta de carga frontal - HYPABOX","isPartOf":{"@id":"https:\/\/hypabox.com\/es\/#website"},"primaryImageOfPage":{"@id":"https:\/\/hypabox.com\/es\/producto\/lucy-80-caja-compacta-de-carga-frontal\/#primaryimage"},"image":{"@id":"https:\/\/hypabox.com\/es\/producto\/lucy-80-caja-compacta-de-carga-frontal\/#primaryimage"},"thumbnailUrl":"https:\/\/hypabox.com\/wp-content\/uploads\/2025\/07\/20241220_145228-2-scaled.jpg","datePublished":"2025-07-07T22:36:26+00:00","dateModified":"2025-07-08T17:06:49+00:00","description":"Espaciosa caja de carga frontal para BullittX, Cargo XL, Rapid y m\u00e1s. Perfecta para el transporte flexible de carga urbana. Volumen: 336 L.","breadcrumb":{"@id":"https:\/\/hypabox.com\/es\/producto\/lucy-80-caja-compacta-de-carga-frontal\/#breadcrumb"},"inLanguage":"es","potentialAction":[{"@type":"ReadAction","target":["https:\/\/hypabox.com\/es\/producto\/lucy-80-caja-compacta-de-carga-frontal\/"]}]},{"@type":"ImageObject","inLanguage":"es","@id":"https:\/\/hypabox.com\/es\/producto\/lucy-80-caja-compacta-de-carga-frontal\/#primaryimage","url":"https:\/\/hypabox.com\/wp-content\/uploads\/2025\/07\/20241220_145228-2-scaled.jpg","contentUrl":"https:\/\/hypabox.com\/wp-content\/uploads\/2025\/07\/20241220_145228-2-scaled.jpg","width":2560,"height":1920},{"@type":"BreadcrumbList","@id":"https:\/\/hypabox.com\/es\/producto\/lucy-80-caja-compacta-de-carga-frontal\/#breadcrumb","itemListElement":[{"@type":"ListItem","position":1,"name":"Inicio","item":"https:\/\/hypabox.com\/es\/"},{"@type":"ListItem","position":2,"name":"Tienda","item":"https:\/\/hypabox.com\/es\/tienda\/"},{"@type":"ListItem","position":3,"name":"LUCY 80 - Caja compacta de carga frontal"}]},{"@type":"WebSite","@id":"https:\/\/hypabox.com\/es\/#website","url":"https:\/\/hypabox.com\/es\/","name":"HYPABOX","description":"Heavy Duty Yet Perfectly Agile","potentialAction":[{"@type":"SearchAction","target":{"@type":"EntryPoint","urlTemplate":"https:\/\/hypabox.com\/es\/?s={search_term_string}"},"query-input":{"@type":"PropertyValueSpecification","valueRequired":true,"valueName":"search_term_string"}}],"inLanguage":"es"}]}},"jetpack_sharing_enabled":true,"_links":{"self":[{"href":"https:\/\/hypabox.com\/es\/wp-json\/wp\/v2\/product\/2244","targetHints":{"allow":["GET"]}}],"collection":[{"href":"https:\/\/hypabox.com\/es\/wp-json\/wp\/v2\/product"}],"about":[{"href":"https:\/\/hypabox.com\/es\/wp-json\/wp\/v2\/types\/product"}],"wp:featuredmedia":[{"embeddable":true,"href":"https:\/\/hypabox.com\/es\/wp-json\/wp\/v2\/media\/2173"}],"wp:attachment":[{"href":"https:\/\/hypabox.com\/es\/wp-json\/wp\/v2\/media?parent=2244"}],"wp:term":[{"taxonomy":"product_brand","embeddable":true,"href":"https:\/\/hypabox.com\/es\/wp-json\/wp\/v2\/product_brand?post=2244"},{"taxonomy":"product_cat","embeddable":true,"href":"https:\/\/hypabox.com\/es\/wp-json\/wp\/v2\/product_cat?post=2244"},{"taxonomy":"product_tag","embeddable":true,"href":"https:\/\/hypabox.com\/es\/wp-json\/wp\/v2\/product_tag?post=2244"}],"curies":[{"name":"wp","href":"https:\/\/api.w.org\/{rel}","templated":true}]}}