{"id":2243,"date":"2025-07-08T00:36:26","date_gmt":"2025-07-07T22:36:26","guid":{"rendered":"https:\/\/hypabox.com\/product\/lucy-80-boite-compacte-a-chargement-frontal\/"},"modified":"2025-07-08T19:06:50","modified_gmt":"2025-07-08T17:06:50","slug":"lucy-80-boite-compacte-a-chargement-frontal","status":"publish","type":"product","link":"https:\/\/hypabox.com\/fr\/produit\/lucy-80-boite-compacte-a-chargement-frontal\/","title":{"rendered":"LUCY 80 - Bo\u00eete compacte \u00e0 chargement frontal"},"content":{"rendered":"<h2><b>LUCY 80 - Bo\u00eete polyvalente \u00e0 chargement frontal pour un chargement plus important<\/b><\/h2>\n<h3><b>Spacieux, fiable et pr\u00eat pour vos t\u00e2ches de transport.<\/b><\/h3>\n<p class=\"p3\"><span class=\"s2\"><b>LUCY 80<\/b><\/span> est notre plus grande bo\u00eete \u00e0 chargement frontal con\u00e7ue pour les v\u00e9los cargos avec plus d&rsquo;espace \u00e0 l&rsquo;avant. Que vous souhaitiez livrer des marchandises, transporter des outils ou simplement transporter plus, Lucy 80 offre le m\u00e9lange id\u00e9al de volume, de stabilit\u00e9 et de conception pratique. <\/p>\n<hr>\n<h3><b>Sp\u00e9cifications techniques<\/b><\/h3>\n<ul>\n<li>\n<p class=\"p1\"><span class=\"s1\"><b>Volume :<\/b><\/span> 336 litres<\/p>\n<\/li>\n<li>\n<p class=\"p1\"><span class=\"s1\"><b>Poids :<\/b><\/span> 21,9 - 23,4 kg<\/p>\n<\/li>\n<li>\n<p class=\"p1\"><b>Dimensions int\u00e9rieures (L \u00d7 L \u00d7 H) :<\/b><span class=\"s1\"> 804 \u00d7 625 \u00d7 600 mm<\/span><\/p>\n<\/li>\n<li>\n<p class=\"p1\"><b>Largeur ext\u00e9rieure :<\/b><span class=\"s1\"> 648 mm<\/span><\/p>\n<\/li>\n<li>\n<p class=\"p1\"><span class=\"s1\"><b>Syst\u00e8me de verrouillage :<\/b><\/span> Serrure m\u00e9canique<\/p>\n<\/li>\n<li>\n<p class=\"p1\"><span class=\"s1\"><b>Mat\u00e9riaux :<\/b><\/span> Panneaux PP soud\u00e9s avec bords en aluminium<\/p>\n<\/li>\n<li>\n<p class=\"p1\"><span class=\"s1\"><b>Couvercle :<\/b><\/span> Couvercle acrylique coulissant, construction robuste en deux parties<\/p>\n<\/li>\n<li>\n<p class=\"p1\"><span class=\"s1\"><b>En option :<\/b><\/span> Marquage personnalis\u00e9, insertion d&rsquo;une \u00e9tag\u00e8re, options d&rsquo;accessoires<\/p>\n<\/li>\n<\/ul>\n<hr>\n<h3><b>Cas d&rsquo;utilisation<\/b><\/h3>\n<p class=\"p1\"><b>Spacieuse et robuste - la bo\u00eete polyvalente pour le transport quotidien.<\/b><b><\/b><\/p>\n<p class=\"p2\">Parfaite pour les utilisations commerciales l\u00e9g\u00e8res, les services municipaux ou les cargaisons priv\u00e9es, la Lucy 80 offre plus de volume sans compromettre la facilit\u00e9 d&rsquo;utilisation.<\/p>\n<hr>\n<h3><b>Livraison et installation<\/b><\/h3>\n<ul>\n<li>\n<p class=\"p1\">Livr\u00e9 enti\u00e8rement assembl\u00e9 ou emball\u00e9 \u00e0 plat sur demande<\/p>\n<\/li>\n<li>\n<p class=\"p1\">Installation facile avec le kit d&rsquo;adaptation<\/p>\n<\/li>\n<li>\n<p class=\"p1\">Possibilit\u00e9 de marquage personnalis\u00e9 pour les flottes et les partenaires<\/p>\n<\/li>\n<\/ul>\n<hr>\n<h3><b>Vous \u00eates int\u00e9ress\u00e9 ?<\/b><\/h3>\n<p class=\"p1\"><strong>LUCY 80<\/strong> est disponible pour l&rsquo;achat direct ou la distribution B2B - il suffit de nous indiquer la configuration dont vous avez besoin !<\/p>\n","protected":false},"excerpt":{"rendered":"<p><strong>LUCY 80<\/strong> offre plus de volume et de flexibilit\u00e9 pour votre transport quotidien de marchandises.<br \/>\nCon\u00e7u pour les v\u00e9los \u00e0 chargement frontal de plus grande taille, c&rsquo;est la solution polyvalente parfaite pour un usage professionnel ou personnel.<\/p>\n","protected":false},"featured_media":2170,"template":"","meta":{"_kadence_starter_templates_imported_post":false,"_kad_post_transparent":"","_kad_post_title":"","_kad_post_layout":"","_kad_post_sidebar_id":"","_kad_post_content_style":"","_kad_post_vertical_padding":"","_kad_post_feature":"","_kad_post_feature_position":"","_kad_post_header":false,"_kad_post_footer":false,"_kad_post_classname":""},"product_brand":[],"product_cat":[75,100],"product_tag":[],"class_list":{"0":"post-2243","1":"product","2":"type-product","3":"status-publish","4":"has-post-thumbnail","6":"product_cat-boites-a-chargement-frontal","7":"product_cat-lucy-80-fr","8":"product_shipping_class-dpd-xl-315kg-fr","10":"first","11":"instock","12":"taxable","13":"shipping-taxable","14":"purchasable","15":"product-type-variable","16":"has-default-attributes","17":"entry","18":"content-bg","19":"loop-entry"},"yoast_head":"<!-- This site is optimized with the Yoast SEO plugin v27.3 - https:\/\/yoast.com\/product\/yoast-seo-wordpress\/ -->\n<title>LUCY 80 - Bo\u00eete compacte \u00e0 chargement frontal - HYPABOX<\/title>\n<meta name=\"description\" content=\"Bo\u00eete spacieuse \u00e0 chargement frontal pour BullittX, Cargo XL, Rapid et autres. Parfait pour le transport urbain flexible de marchandises. Volume : 336 L.\" \/>\n<meta name=\"robots\" content=\"index, follow, max-snippet:-1, max-image-preview:large, max-video-preview:-1\" \/>\n<link rel=\"canonical\" href=\"https:\/\/hypabox.com\/fr\/produit\/lucy-80-boite-compacte-a-chargement-frontal\/\" \/>\n<meta property=\"og:locale\" content=\"fr_FR\" \/>\n<meta property=\"og:type\" content=\"article\" \/>\n<meta property=\"og:title\" content=\"LUCY 80 - Bo\u00eete compacte \u00e0 chargement frontal - HYPABOX\" \/>\n<meta property=\"og:description\" content=\"Bo\u00eete spacieuse \u00e0 chargement frontal pour BullittX, Cargo XL, Rapid et autres. Parfait pour le transport urbain flexible de marchandises. Volume : 336 L.\" \/>\n<meta property=\"og:url\" content=\"https:\/\/hypabox.com\/fr\/produit\/lucy-80-boite-compacte-a-chargement-frontal\/\" \/>\n<meta property=\"og:site_name\" content=\"HYPABOX\" \/>\n<meta property=\"article:modified_time\" content=\"2025-07-08T17:06:50+00:00\" \/>\n<meta property=\"og:image\" content=\"https:\/\/hypabox.com\/wp-content\/uploads\/2025\/07\/20241220_145228-2-scaled.jpg\" \/>\n\t<meta property=\"og:image:width\" content=\"2560\" \/>\n\t<meta property=\"og:image:height\" content=\"1920\" \/>\n\t<meta property=\"og:image:type\" content=\"image\/jpeg\" \/>\n<meta name=\"twitter:card\" content=\"summary_large_image\" \/>\n<meta name=\"twitter:label1\" content=\"Dur\u00e9e de lecture estim\u00e9e\" \/>\n\t<meta name=\"twitter:data1\" content=\"1 minute\" \/>\n<script type=\"application\/ld+json\" class=\"yoast-schema-graph\">{\"@context\":\"https:\\\/\\\/schema.org\",\"@graph\":[{\"@type\":\"WebPage\",\"@id\":\"https:\\\/\\\/hypabox.com\\\/fr\\\/produit\\\/lucy-80-boite-compacte-a-chargement-frontal\\\/\",\"url\":\"https:\\\/\\\/hypabox.com\\\/fr\\\/produit\\\/lucy-80-boite-compacte-a-chargement-frontal\\\/\",\"name\":\"LUCY 80 - Bo\u00eete compacte \u00e0 chargement frontal - HYPABOX\",\"isPartOf\":{\"@id\":\"https:\\\/\\\/hypabox.com\\\/fr\\\/#website\"},\"primaryImageOfPage\":{\"@id\":\"https:\\\/\\\/hypabox.com\\\/fr\\\/produit\\\/lucy-80-boite-compacte-a-chargement-frontal\\\/#primaryimage\"},\"image\":{\"@id\":\"https:\\\/\\\/hypabox.com\\\/fr\\\/produit\\\/lucy-80-boite-compacte-a-chargement-frontal\\\/#primaryimage\"},\"thumbnailUrl\":\"https:\\\/\\\/hypabox.com\\\/wp-content\\\/uploads\\\/2025\\\/07\\\/20241220_145228-2-scaled.jpg\",\"datePublished\":\"2025-07-07T22:36:26+00:00\",\"dateModified\":\"2025-07-08T17:06:50+00:00\",\"description\":\"Bo\u00eete spacieuse \u00e0 chargement frontal pour BullittX, Cargo XL, Rapid et autres. Parfait pour le transport urbain flexible de marchandises. Volume : 336 L.\",\"breadcrumb\":{\"@id\":\"https:\\\/\\\/hypabox.com\\\/fr\\\/produit\\\/lucy-80-boite-compacte-a-chargement-frontal\\\/#breadcrumb\"},\"inLanguage\":\"fr-FR\",\"potentialAction\":[{\"@type\":\"ReadAction\",\"target\":[\"https:\\\/\\\/hypabox.com\\\/fr\\\/produit\\\/lucy-80-boite-compacte-a-chargement-frontal\\\/\"]}]},{\"@type\":\"ImageObject\",\"inLanguage\":\"fr-FR\",\"@id\":\"https:\\\/\\\/hypabox.com\\\/fr\\\/produit\\\/lucy-80-boite-compacte-a-chargement-frontal\\\/#primaryimage\",\"url\":\"https:\\\/\\\/hypabox.com\\\/wp-content\\\/uploads\\\/2025\\\/07\\\/20241220_145228-2-scaled.jpg\",\"contentUrl\":\"https:\\\/\\\/hypabox.com\\\/wp-content\\\/uploads\\\/2025\\\/07\\\/20241220_145228-2-scaled.jpg\",\"width\":2560,\"height\":1920},{\"@type\":\"BreadcrumbList\",\"@id\":\"https:\\\/\\\/hypabox.com\\\/fr\\\/produit\\\/lucy-80-boite-compacte-a-chargement-frontal\\\/#breadcrumb\",\"itemListElement\":[{\"@type\":\"ListItem\",\"position\":1,\"name\":\"Accueil\",\"item\":\"https:\\\/\\\/hypabox.com\\\/fr\\\/\"},{\"@type\":\"ListItem\",\"position\":2,\"name\":\"Boutique\",\"item\":\"https:\\\/\\\/hypabox.com\\\/fr\\\/boutique\\\/\"},{\"@type\":\"ListItem\",\"position\":3,\"name\":\"LUCY 80 - Bo\u00eete compacte \u00e0 chargement frontal\"}]},{\"@type\":\"WebSite\",\"@id\":\"https:\\\/\\\/hypabox.com\\\/fr\\\/#website\",\"url\":\"https:\\\/\\\/hypabox.com\\\/fr\\\/\",\"name\":\"HYPABOX\",\"description\":\"Heavy Duty Yet Perfectly Agile\",\"publisher\":{\"@id\":\"https:\\\/\\\/hypabox.com\\\/fr\\\/#organization\"},\"potentialAction\":[{\"@type\":\"SearchAction\",\"target\":{\"@type\":\"EntryPoint\",\"urlTemplate\":\"https:\\\/\\\/hypabox.com\\\/fr\\\/?s={search_term_string}\"},\"query-input\":{\"@type\":\"PropertyValueSpecification\",\"valueRequired\":true,\"valueName\":\"search_term_string\"}}],\"inLanguage\":\"fr-FR\"},{\"@type\":\"Organization\",\"@id\":\"https:\\\/\\\/hypabox.com\\\/fr\\\/#organization\",\"name\":\"HYPABOX c\\\/o B\u00e4cher Bergmann GmbH\",\"url\":\"https:\\\/\\\/hypabox.com\\\/fr\\\/\",\"logo\":{\"@type\":\"ImageObject\",\"inLanguage\":\"fr-FR\",\"@id\":\"https:\\\/\\\/hypabox.com\\\/fr\\\/#\\\/schema\\\/logo\\\/image\\\/\",\"url\":\"https:\\\/\\\/hypabox.com\\\/wp-content\\\/uploads\\\/2025\\\/06\\\/230930_hypabox_logo_white_white_v3.3.png\",\"contentUrl\":\"https:\\\/\\\/hypabox.com\\\/wp-content\\\/uploads\\\/2025\\\/06\\\/230930_hypabox_logo_white_white_v3.3.png\",\"width\":1587,\"height\":512,\"caption\":\"HYPABOX c\\\/o B\u00e4cher Bergmann GmbH\"},\"image\":{\"@id\":\"https:\\\/\\\/hypabox.com\\\/fr\\\/#\\\/schema\\\/logo\\\/image\\\/\"},\"sameAs\":[\"https:\\\/\\\/www.linkedin.com\\\/company\\\/hypabox\"]}]}<\/script>\n<!-- \/ Yoast SEO plugin. -->","yoast_head_json":{"title":"LUCY 80 - Bo\u00eete compacte \u00e0 chargement frontal - HYPABOX","description":"Bo\u00eete spacieuse \u00e0 chargement frontal pour BullittX, Cargo XL, Rapid et autres. Parfait pour le transport urbain flexible de marchandises. Volume : 336 L.","robots":{"index":"index","follow":"follow","max-snippet":"max-snippet:-1","max-image-preview":"max-image-preview:large","max-video-preview":"max-video-preview:-1"},"canonical":"https:\/\/hypabox.com\/fr\/produit\/lucy-80-boite-compacte-a-chargement-frontal\/","og_locale":"fr_FR","og_type":"article","og_title":"LUCY 80 - Bo\u00eete compacte \u00e0 chargement frontal - HYPABOX","og_description":"Bo\u00eete spacieuse \u00e0 chargement frontal pour BullittX, Cargo XL, Rapid et autres. Parfait pour le transport urbain flexible de marchandises. Volume : 336 L.","og_url":"https:\/\/hypabox.com\/fr\/produit\/lucy-80-boite-compacte-a-chargement-frontal\/","og_site_name":"HYPABOX","article_modified_time":"2025-07-08T17:06:50+00:00","og_image":[{"width":2560,"height":1920,"url":"https:\/\/hypabox.com\/wp-content\/uploads\/2025\/07\/20241220_145228-2-scaled.jpg","type":"image\/jpeg"}],"twitter_card":"summary_large_image","twitter_misc":{"Dur\u00e9e de lecture estim\u00e9e":"1 minute"},"schema":{"@context":"https:\/\/schema.org","@graph":[{"@type":"WebPage","@id":"https:\/\/hypabox.com\/fr\/produit\/lucy-80-boite-compacte-a-chargement-frontal\/","url":"https:\/\/hypabox.com\/fr\/produit\/lucy-80-boite-compacte-a-chargement-frontal\/","name":"LUCY 80 - Bo\u00eete compacte \u00e0 chargement frontal - HYPABOX","isPartOf":{"@id":"https:\/\/hypabox.com\/fr\/#website"},"primaryImageOfPage":{"@id":"https:\/\/hypabox.com\/fr\/produit\/lucy-80-boite-compacte-a-chargement-frontal\/#primaryimage"},"image":{"@id":"https:\/\/hypabox.com\/fr\/produit\/lucy-80-boite-compacte-a-chargement-frontal\/#primaryimage"},"thumbnailUrl":"https:\/\/hypabox.com\/wp-content\/uploads\/2025\/07\/20241220_145228-2-scaled.jpg","datePublished":"2025-07-07T22:36:26+00:00","dateModified":"2025-07-08T17:06:50+00:00","description":"Bo\u00eete spacieuse \u00e0 chargement frontal pour BullittX, Cargo XL, Rapid et autres. Parfait pour le transport urbain flexible de marchandises. Volume : 336 L.","breadcrumb":{"@id":"https:\/\/hypabox.com\/fr\/produit\/lucy-80-boite-compacte-a-chargement-frontal\/#breadcrumb"},"inLanguage":"fr-FR","potentialAction":[{"@type":"ReadAction","target":["https:\/\/hypabox.com\/fr\/produit\/lucy-80-boite-compacte-a-chargement-frontal\/"]}]},{"@type":"ImageObject","inLanguage":"fr-FR","@id":"https:\/\/hypabox.com\/fr\/produit\/lucy-80-boite-compacte-a-chargement-frontal\/#primaryimage","url":"https:\/\/hypabox.com\/wp-content\/uploads\/2025\/07\/20241220_145228-2-scaled.jpg","contentUrl":"https:\/\/hypabox.com\/wp-content\/uploads\/2025\/07\/20241220_145228-2-scaled.jpg","width":2560,"height":1920},{"@type":"BreadcrumbList","@id":"https:\/\/hypabox.com\/fr\/produit\/lucy-80-boite-compacte-a-chargement-frontal\/#breadcrumb","itemListElement":[{"@type":"ListItem","position":1,"name":"Accueil","item":"https:\/\/hypabox.com\/fr\/"},{"@type":"ListItem","position":2,"name":"Boutique","item":"https:\/\/hypabox.com\/fr\/boutique\/"},{"@type":"ListItem","position":3,"name":"LUCY 80 - Bo\u00eete compacte \u00e0 chargement frontal"}]},{"@type":"WebSite","@id":"https:\/\/hypabox.com\/fr\/#website","url":"https:\/\/hypabox.com\/fr\/","name":"HYPABOX","description":"Heavy Duty Yet Perfectly Agile","publisher":{"@id":"https:\/\/hypabox.com\/fr\/#organization"},"potentialAction":[{"@type":"SearchAction","target":{"@type":"EntryPoint","urlTemplate":"https:\/\/hypabox.com\/fr\/?s={search_term_string}"},"query-input":{"@type":"PropertyValueSpecification","valueRequired":true,"valueName":"search_term_string"}}],"inLanguage":"fr-FR"},{"@type":"Organization","@id":"https:\/\/hypabox.com\/fr\/#organization","name":"HYPABOX c\/o B\u00e4cher Bergmann GmbH","url":"https:\/\/hypabox.com\/fr\/","logo":{"@type":"ImageObject","inLanguage":"fr-FR","@id":"https:\/\/hypabox.com\/fr\/#\/schema\/logo\/image\/","url":"https:\/\/hypabox.com\/wp-content\/uploads\/2025\/06\/230930_hypabox_logo_white_white_v3.3.png","contentUrl":"https:\/\/hypabox.com\/wp-content\/uploads\/2025\/06\/230930_hypabox_logo_white_white_v3.3.png","width":1587,"height":512,"caption":"HYPABOX c\/o B\u00e4cher Bergmann GmbH"},"image":{"@id":"https:\/\/hypabox.com\/fr\/#\/schema\/logo\/image\/"},"sameAs":["https:\/\/www.linkedin.com\/company\/hypabox"]}]}},"jetpack_sharing_enabled":true,"_links":{"self":[{"href":"https:\/\/hypabox.com\/fr\/wp-json\/wp\/v2\/product\/2243","targetHints":{"allow":["GET"]}}],"collection":[{"href":"https:\/\/hypabox.com\/fr\/wp-json\/wp\/v2\/product"}],"about":[{"href":"https:\/\/hypabox.com\/fr\/wp-json\/wp\/v2\/types\/product"}],"wp:featuredmedia":[{"embeddable":true,"href":"https:\/\/hypabox.com\/fr\/wp-json\/wp\/v2\/media\/2170"}],"wp:attachment":[{"href":"https:\/\/hypabox.com\/fr\/wp-json\/wp\/v2\/media?parent=2243"}],"wp:term":[{"taxonomy":"product_brand","embeddable":true,"href":"https:\/\/hypabox.com\/fr\/wp-json\/wp\/v2\/product_brand?post=2243"},{"taxonomy":"product_cat","embeddable":true,"href":"https:\/\/hypabox.com\/fr\/wp-json\/wp\/v2\/product_cat?post=2243"},{"taxonomy":"product_tag","embeddable":true,"href":"https:\/\/hypabox.com\/fr\/wp-json\/wp\/v2\/product_tag?post=2243"}],"curies":[{"name":"wp","href":"https:\/\/api.w.org\/{rel}","templated":true}]}}