{"id":1425,"date":"2025-06-04T23:59:02","date_gmt":"2025-06-04T21:59:02","guid":{"rendered":"https:\/\/hypabox.com\/product\/scatole-con-caricatore-frontale\/"},"modified":"2025-07-08T23:25:07","modified_gmt":"2025-07-08T21:25:07","slug":"scatole-con-caricatore-frontale","status":"publish","type":"product","link":"https:\/\/hypabox.com\/it\/prodotto\/scatole-con-caricatore-frontale\/","title":{"rendered":"MULAN"},"content":{"rendered":"<h2><b>MULAN - Cassetta a caricamento frontale per Urban Arrow<\/b><\/h2>\n<h3><b>Costruito per i professionisti. Progettato per la logistica non-stop. <\/b><\/h3>\n<p class=\"p3\"><span class=\"s2\"><b>MULAN<\/b><\/span> \u00e8 il nostro cargo box a caricamento frontale pi\u00f9 avanzato, costruito appositamente per le pi\u00f9 impegnative operazioni di consegna dell&#8217;ultimo miglio. Con il suo sistema di chiusura elettronico RFID, il coperchio ad apertura automatica e i materiali ultraresistenti, \u00e8 pensata per i ciclisti che hanno bisogno di affidabilit\u00e0, velocit\u00e0 e sicurezza ogni giorno. <\/p>\n<hr>\n<h3><b>Specifiche tecniche<\/b><\/h3>\n<ul>\n<li>\n<p class=\"p1\"><span class=\"s1\"><b>Volume:<\/b><\/span> 400 (L) - 540 (XL) litri<\/p>\n<\/li>\n<li>\n<p class=\"p1\"><span class=\"s1\"><b>Peso:<\/b><\/span> 18 (L) - 22 (XL) kg<\/p>\n<\/li>\n<li>\n<p class=\"p1\"><b>Dimensioni esterne (L \u00d7 H \u00d7 P):<\/b><span class=\"s1\"> 1397 (L) \/1647 (XL) \u00d7 790 \u00d7 738 mm<\/span><\/p>\n<\/li>\n<li>\n<p class=\"p1\"><span class=\"s1\"><b>Sistema di chiusura:<\/b><\/span> Serratura elettronica RFID<\/p>\n<\/li>\n<li>\n<p class=\"p1\"><span class=\"s1\"><b>Coperchio:<\/b><\/span> Coperchio con apertura automatica a molla a gas<\/p>\n<\/li>\n<li>\n<p class=\"p1\"><span class=\"s1\"><b>Materiali:<\/b><\/span> Pannelli in polipropilene saldati termicamente, componenti in alluminio grezzo<\/p>\n<\/li>\n<li>\n<p class=\"p1\"><span class=\"s1\"><b>Opzioni:<\/b><\/span> Illuminazione interna, ripiano rimovibile, branding, integrazione con la flotta<\/p>\n<\/li>\n<\/ul>\n<hr>\n<h3><b>Caso d&#8217;uso<\/b><\/h3>\n<p class=\"p1\"><b>Costruito appositamente per la logistica urbana ad alta frequenza.<\/b><b><\/b><\/p>\n<p class=\"p2\">MULAN \u00e8 stato progettato per le flotte che operano nel settore della consegna di pacchi, alimenti o servizi, dove il tempo, l&#8217;accesso e la durata sono fondamentali.<\/p>\n<hr>\n<h3><b>Consegna e installazione<\/b><\/h3>\n<ul>\n<li>\n<p class=\"p1\">Consegnato completamente assemblato<\/p>\n<\/li>\n<li>\n<p class=\"p1\">Compatibile con i sistemi di chiusura e accesso della flotta<\/p>\n<\/li>\n<li>\n<p class=\"p1\">Integrazione personalizzata disponibile su richiesta<\/p>\n<\/li>\n<\/ul>\n<hr>\n<h3><b>Sei interessato?<\/b><\/h3>\n<p class=\"p1\">MULAN \u00e8 un prodotto professionale disponibile <span class=\"s1\"><b>solo su richiesta<\/b><\/span>. Contattaci per discutere delle tue esigenze o per richiedere un&#8217;unit\u00e0 pilota. <\/p>\n<p class=\"p3\"><a href=\"mailto:info@hypabox.com\">Richiedi un preventivo!<\/a><\/p>\n","protected":false},"excerpt":{"rendered":"<p><strong>MULAN<\/strong> \u00e8 progettato per operazioni logistiche serie.<br \/>\nBox anteriore leggero e modulare per biciclette da carico commerciali, ideale per corrieri, servizi di riparazione e rivenditori.<br \/>\nSi adatta a 6 (L) o addirittura 7 (XL) Eurobox (60\u00d740 cm) su Urban Arrow Cargo L o XL.<\/p>\n<p class=\"p1\"><strong>MULAN<\/strong> \u00e8 disponibile <span class=\"s1\"><b>solo su richiesta<\/b><\/span>. Contattaci per discutere delle tue esigenze o per richiedere un&#8217;unit\u00e0 pilota.<\/p>\n","protected":false},"featured_media":2928,"template":"","meta":{"_kadence_starter_templates_imported_post":false,"_kad_post_transparent":"","_kad_post_title":"","_kad_post_layout":"","_kad_post_sidebar_id":"","_kad_post_content_style":"","_kad_post_vertical_padding":"","_kad_post_feature":"","_kad_post_feature_position":"","_kad_post_header":false,"_kad_post_footer":false,"_kad_post_classname":""},"product_brand":[],"product_cat":[108,79],"product_tag":[],"class_list":{"0":"post-1425","1":"product","2":"type-product","3":"status-publish","4":"has-post-thumbnail","6":"product_cat-mulan-it","7":"product_cat-scatole-con-caricatore-frontale","8":"product_shipping_class-dpd-xl-315-kg","10":"first","11":"outofstock","12":"taxable","13":"shipping-taxable","14":"product-type-variable","15":"entry","16":"content-bg","17":"loop-entry"},"yoast_head":"<!-- This site is optimized with the Yoast SEO plugin v27.3 - https:\/\/yoast.com\/product\/yoast-seo-wordpress\/ -->\n<title>MULAN - HYPABOX<\/title>\n<meta name=\"description\" content=\"Scatola di carico frontale con protezione RFID per Urban Arrow L\/XL. Modulare, leggero, si adatta a un massimo di 7 Eurobox. Realizzato per la logistica impegnativa dell&#039;ultimo miglio.\" \/>\n<meta name=\"robots\" content=\"index, follow, max-snippet:-1, max-image-preview:large, max-video-preview:-1\" \/>\n<link rel=\"canonical\" href=\"https:\/\/hypabox.com\/it\/prodotto\/scatole-con-caricatore-frontale\/\" \/>\n<meta property=\"og:locale\" content=\"it_IT\" \/>\n<meta property=\"og:type\" content=\"article\" \/>\n<meta property=\"og:title\" content=\"MULAN - HYPABOX\" \/>\n<meta property=\"og:description\" content=\"Scatola di carico frontale con protezione RFID per Urban Arrow L\/XL. Modulare, leggero, si adatta a un massimo di 7 Eurobox. Realizzato per la logistica impegnativa dell&#039;ultimo miglio.\" \/>\n<meta property=\"og:url\" content=\"https:\/\/hypabox.com\/it\/prodotto\/scatole-con-caricatore-frontale\/\" \/>\n<meta property=\"og:site_name\" content=\"HYPABOX\" \/>\n<meta property=\"article:modified_time\" content=\"2025-07-08T21:25:07+00:00\" \/>\n<meta property=\"og:image\" content=\"https:\/\/hypabox.com\/wp-content\/uploads\/2025\/06\/Coolblue-bak-B2B-22-03-2023_LOWRES-1.jpg\" \/>\n\t<meta property=\"og:image:width\" content=\"2048\" \/>\n\t<meta property=\"og:image:height\" content=\"1365\" \/>\n\t<meta property=\"og:image:type\" content=\"image\/jpeg\" \/>\n<meta name=\"twitter:card\" content=\"summary_large_image\" \/>\n<meta name=\"twitter:label1\" content=\"Tempo di lettura stimato\" \/>\n\t<meta name=\"twitter:data1\" content=\"1 minuto\" \/>\n<script type=\"application\/ld+json\" class=\"yoast-schema-graph\">{\"@context\":\"https:\\\/\\\/schema.org\",\"@graph\":[{\"@type\":\"WebPage\",\"@id\":\"https:\\\/\\\/hypabox.com\\\/it\\\/prodotto\\\/scatole-con-caricatore-frontale\\\/\",\"url\":\"https:\\\/\\\/hypabox.com\\\/it\\\/prodotto\\\/scatole-con-caricatore-frontale\\\/\",\"name\":\"MULAN - HYPABOX\",\"isPartOf\":{\"@id\":\"https:\\\/\\\/hypabox.com\\\/it\\\/#website\"},\"primaryImageOfPage\":{\"@id\":\"https:\\\/\\\/hypabox.com\\\/it\\\/prodotto\\\/scatole-con-caricatore-frontale\\\/#primaryimage\"},\"image\":{\"@id\":\"https:\\\/\\\/hypabox.com\\\/it\\\/prodotto\\\/scatole-con-caricatore-frontale\\\/#primaryimage\"},\"thumbnailUrl\":\"https:\\\/\\\/hypabox.com\\\/wp-content\\\/uploads\\\/2025\\\/10\\\/NoBlue-bak-B2B-22-03-2023_LOWRES.png\",\"datePublished\":\"2025-06-04T21:59:02+00:00\",\"dateModified\":\"2025-07-08T21:25:07+00:00\",\"description\":\"Scatola di carico frontale con protezione RFID per Urban Arrow L\\\/XL. Modulare, leggero, si adatta a un massimo di 7 Eurobox. Realizzato per la logistica impegnativa dell'ultimo miglio.\",\"breadcrumb\":{\"@id\":\"https:\\\/\\\/hypabox.com\\\/it\\\/prodotto\\\/scatole-con-caricatore-frontale\\\/#breadcrumb\"},\"inLanguage\":\"it-IT\",\"potentialAction\":[{\"@type\":\"ReadAction\",\"target\":[\"https:\\\/\\\/hypabox.com\\\/it\\\/prodotto\\\/scatole-con-caricatore-frontale\\\/\"]}]},{\"@type\":\"ImageObject\",\"inLanguage\":\"it-IT\",\"@id\":\"https:\\\/\\\/hypabox.com\\\/it\\\/prodotto\\\/scatole-con-caricatore-frontale\\\/#primaryimage\",\"url\":\"https:\\\/\\\/hypabox.com\\\/wp-content\\\/uploads\\\/2025\\\/10\\\/NoBlue-bak-B2B-22-03-2023_LOWRES.png\",\"contentUrl\":\"https:\\\/\\\/hypabox.com\\\/wp-content\\\/uploads\\\/2025\\\/10\\\/NoBlue-bak-B2B-22-03-2023_LOWRES.png\",\"width\":2048,\"height\":1365},{\"@type\":\"BreadcrumbList\",\"@id\":\"https:\\\/\\\/hypabox.com\\\/it\\\/prodotto\\\/scatole-con-caricatore-frontale\\\/#breadcrumb\",\"itemListElement\":[{\"@type\":\"ListItem\",\"position\":1,\"name\":\"Casa\",\"item\":\"https:\\\/\\\/hypabox.com\\\/it\\\/\"},{\"@type\":\"ListItem\",\"position\":2,\"name\":\"Negozio\",\"item\":\"https:\\\/\\\/hypabox.com\\\/it\\\/negozio\\\/\"},{\"@type\":\"ListItem\",\"position\":3,\"name\":\"MULAN\"}]},{\"@type\":\"WebSite\",\"@id\":\"https:\\\/\\\/hypabox.com\\\/it\\\/#website\",\"url\":\"https:\\\/\\\/hypabox.com\\\/it\\\/\",\"name\":\"HYPABOX\",\"description\":\"Heavy Duty Yet Perfectly Agile\",\"publisher\":{\"@id\":\"https:\\\/\\\/hypabox.com\\\/it\\\/#organization\"},\"potentialAction\":[{\"@type\":\"SearchAction\",\"target\":{\"@type\":\"EntryPoint\",\"urlTemplate\":\"https:\\\/\\\/hypabox.com\\\/it\\\/?s={search_term_string}\"},\"query-input\":{\"@type\":\"PropertyValueSpecification\",\"valueRequired\":true,\"valueName\":\"search_term_string\"}}],\"inLanguage\":\"it-IT\"},{\"@type\":\"Organization\",\"@id\":\"https:\\\/\\\/hypabox.com\\\/it\\\/#organization\",\"name\":\"HYPABOX c\\\/o B\u00e4cher Bergmann GmbH\",\"url\":\"https:\\\/\\\/hypabox.com\\\/it\\\/\",\"logo\":{\"@type\":\"ImageObject\",\"inLanguage\":\"it-IT\",\"@id\":\"https:\\\/\\\/hypabox.com\\\/it\\\/#\\\/schema\\\/logo\\\/image\\\/\",\"url\":\"https:\\\/\\\/hypabox.com\\\/wp-content\\\/uploads\\\/2025\\\/06\\\/230930_hypabox_logo_white_white_v3.3.png\",\"contentUrl\":\"https:\\\/\\\/hypabox.com\\\/wp-content\\\/uploads\\\/2025\\\/06\\\/230930_hypabox_logo_white_white_v3.3.png\",\"width\":1587,\"height\":512,\"caption\":\"HYPABOX c\\\/o B\u00e4cher Bergmann GmbH\"},\"image\":{\"@id\":\"https:\\\/\\\/hypabox.com\\\/it\\\/#\\\/schema\\\/logo\\\/image\\\/\"},\"sameAs\":[\"https:\\\/\\\/www.linkedin.com\\\/company\\\/hypabox\"]}]}<\/script>\n<!-- \/ Yoast SEO plugin. -->","yoast_head_json":{"title":"MULAN - HYPABOX","description":"Scatola di carico frontale con protezione RFID per Urban Arrow L\/XL. Modulare, leggero, si adatta a un massimo di 7 Eurobox. Realizzato per la logistica impegnativa dell'ultimo miglio.","robots":{"index":"index","follow":"follow","max-snippet":"max-snippet:-1","max-image-preview":"max-image-preview:large","max-video-preview":"max-video-preview:-1"},"canonical":"https:\/\/hypabox.com\/it\/prodotto\/scatole-con-caricatore-frontale\/","og_locale":"it_IT","og_type":"article","og_title":"MULAN - HYPABOX","og_description":"Scatola di carico frontale con protezione RFID per Urban Arrow L\/XL. Modulare, leggero, si adatta a un massimo di 7 Eurobox. Realizzato per la logistica impegnativa dell'ultimo miglio.","og_url":"https:\/\/hypabox.com\/it\/prodotto\/scatole-con-caricatore-frontale\/","og_site_name":"HYPABOX","article_modified_time":"2025-07-08T21:25:07+00:00","og_image":[{"width":2048,"height":1365,"url":"https:\/\/hypabox.com\/wp-content\/uploads\/2025\/06\/Coolblue-bak-B2B-22-03-2023_LOWRES-1.jpg","type":"image\/jpeg"}],"twitter_card":"summary_large_image","twitter_misc":{"Tempo di lettura stimato":"1 minuto"},"schema":{"@context":"https:\/\/schema.org","@graph":[{"@type":"WebPage","@id":"https:\/\/hypabox.com\/it\/prodotto\/scatole-con-caricatore-frontale\/","url":"https:\/\/hypabox.com\/it\/prodotto\/scatole-con-caricatore-frontale\/","name":"MULAN - HYPABOX","isPartOf":{"@id":"https:\/\/hypabox.com\/it\/#website"},"primaryImageOfPage":{"@id":"https:\/\/hypabox.com\/it\/prodotto\/scatole-con-caricatore-frontale\/#primaryimage"},"image":{"@id":"https:\/\/hypabox.com\/it\/prodotto\/scatole-con-caricatore-frontale\/#primaryimage"},"thumbnailUrl":"https:\/\/hypabox.com\/wp-content\/uploads\/2025\/10\/NoBlue-bak-B2B-22-03-2023_LOWRES.png","datePublished":"2025-06-04T21:59:02+00:00","dateModified":"2025-07-08T21:25:07+00:00","description":"Scatola di carico frontale con protezione RFID per Urban Arrow L\/XL. Modulare, leggero, si adatta a un massimo di 7 Eurobox. Realizzato per la logistica impegnativa dell'ultimo miglio.","breadcrumb":{"@id":"https:\/\/hypabox.com\/it\/prodotto\/scatole-con-caricatore-frontale\/#breadcrumb"},"inLanguage":"it-IT","potentialAction":[{"@type":"ReadAction","target":["https:\/\/hypabox.com\/it\/prodotto\/scatole-con-caricatore-frontale\/"]}]},{"@type":"ImageObject","inLanguage":"it-IT","@id":"https:\/\/hypabox.com\/it\/prodotto\/scatole-con-caricatore-frontale\/#primaryimage","url":"https:\/\/hypabox.com\/wp-content\/uploads\/2025\/10\/NoBlue-bak-B2B-22-03-2023_LOWRES.png","contentUrl":"https:\/\/hypabox.com\/wp-content\/uploads\/2025\/10\/NoBlue-bak-B2B-22-03-2023_LOWRES.png","width":2048,"height":1365},{"@type":"BreadcrumbList","@id":"https:\/\/hypabox.com\/it\/prodotto\/scatole-con-caricatore-frontale\/#breadcrumb","itemListElement":[{"@type":"ListItem","position":1,"name":"Casa","item":"https:\/\/hypabox.com\/it\/"},{"@type":"ListItem","position":2,"name":"Negozio","item":"https:\/\/hypabox.com\/it\/negozio\/"},{"@type":"ListItem","position":3,"name":"MULAN"}]},{"@type":"WebSite","@id":"https:\/\/hypabox.com\/it\/#website","url":"https:\/\/hypabox.com\/it\/","name":"HYPABOX","description":"Heavy Duty Yet Perfectly Agile","publisher":{"@id":"https:\/\/hypabox.com\/it\/#organization"},"potentialAction":[{"@type":"SearchAction","target":{"@type":"EntryPoint","urlTemplate":"https:\/\/hypabox.com\/it\/?s={search_term_string}"},"query-input":{"@type":"PropertyValueSpecification","valueRequired":true,"valueName":"search_term_string"}}],"inLanguage":"it-IT"},{"@type":"Organization","@id":"https:\/\/hypabox.com\/it\/#organization","name":"HYPABOX c\/o B\u00e4cher Bergmann GmbH","url":"https:\/\/hypabox.com\/it\/","logo":{"@type":"ImageObject","inLanguage":"it-IT","@id":"https:\/\/hypabox.com\/it\/#\/schema\/logo\/image\/","url":"https:\/\/hypabox.com\/wp-content\/uploads\/2025\/06\/230930_hypabox_logo_white_white_v3.3.png","contentUrl":"https:\/\/hypabox.com\/wp-content\/uploads\/2025\/06\/230930_hypabox_logo_white_white_v3.3.png","width":1587,"height":512,"caption":"HYPABOX c\/o B\u00e4cher Bergmann GmbH"},"image":{"@id":"https:\/\/hypabox.com\/it\/#\/schema\/logo\/image\/"},"sameAs":["https:\/\/www.linkedin.com\/company\/hypabox"]}]}},"jetpack_sharing_enabled":true,"_links":{"self":[{"href":"https:\/\/hypabox.com\/it\/wp-json\/wp\/v2\/product\/1425","targetHints":{"allow":["GET"]}}],"collection":[{"href":"https:\/\/hypabox.com\/it\/wp-json\/wp\/v2\/product"}],"about":[{"href":"https:\/\/hypabox.com\/it\/wp-json\/wp\/v2\/types\/product"}],"wp:featuredmedia":[{"embeddable":true,"href":"https:\/\/hypabox.com\/it\/wp-json\/wp\/v2\/media\/2928"}],"wp:attachment":[{"href":"https:\/\/hypabox.com\/it\/wp-json\/wp\/v2\/media?parent=1425"}],"wp:term":[{"taxonomy":"product_brand","embeddable":true,"href":"https:\/\/hypabox.com\/it\/wp-json\/wp\/v2\/product_brand?post=1425"},{"taxonomy":"product_cat","embeddable":true,"href":"https:\/\/hypabox.com\/it\/wp-json\/wp\/v2\/product_cat?post=1425"},{"taxonomy":"product_tag","embeddable":true,"href":"https:\/\/hypabox.com\/it\/wp-json\/wp\/v2\/product_tag?post=1425"}],"curies":[{"name":"wp","href":"https:\/\/api.w.org\/{rel}","templated":true}]}}