{"id":1909,"date":"2025-07-07T22:16:06","date_gmt":"2025-07-07T20:16:06","guid":{"rendered":"https:\/\/hypabox.com\/?post_type=product&#038;p=1909"},"modified":"2025-07-08T19:15:40","modified_gmt":"2025-07-08T17:15:40","slug":"scatole-con-caricatore-frontale-copy","status":"publish","type":"product","link":"https:\/\/hypabox.com\/it\/prodotto\/scatole-con-caricatore-frontale-copy\/","title":{"rendered":"LUCY 70 - cassone anteriore compatto"},"content":{"rendered":"<h3><b>Intelligente, robusto e costruito per la tua guida di tutti i giorni.<\/b><\/h3>\n<p class=\"p3\"><span class=\"s2\"><b>LUCY 70<\/b><\/span> \u00e8 il nostro box cargo frontale compatto, progettato per cargo bike a due ruote strette. Che tu la utilizzi per attivit\u00e0 commerciali leggere, consegne quotidiane o trasporti privati, Lucy 70 combina leggerezza, praticit\u00e0 d&#8217;uso e design pulito. <\/p>\n<hr>\n<h3><b>Specifiche tecniche<\/b><\/h3>\n<ul>\n<li>\n<p class=\"p1\"><span class=\"s1\"><b>Volume:<\/b><\/span> 291 litri<\/p>\n<\/li>\n<li>\n<p class=\"p1\"><span class=\"s1\"><b>Peso:<\/b><\/span> 21,7 - 23,2 kg<\/p>\n<\/li>\n<li>\n<p class=\"p1\"><b>Dimensioni interne (L \u00d7 W \u00d7 H):<\/b><span class=\"s1\"> 683 \u00d7 625 \u00d7 600 mm<\/span><\/p>\n<\/li>\n<li>\n<p class=\"p1\"><b>Larghezza esterna:<\/b><span class=\"s1\"> 648 mm<\/span><\/p>\n<\/li>\n<li>\n<p class=\"p1\"><span class=\"s1\"><b>Sistema di chiusura:<\/b><\/span> Serratura meccanica<\/p>\n<\/li>\n<li>\n<p class=\"p1\"><span class=\"s1\"><b>Materiali:<\/b><\/span> Pannelli leggeri in PP con struttura in alluminio<\/p>\n<\/li>\n<li>\n<p class=\"p1\"><span class=\"s1\"><b>Coperchio:<\/b><\/span> Coperchio scorrevole in acrilico, design in due parti<\/p>\n<\/li>\n<li>\n<p class=\"p1\"><span class=\"s1\"><b>Opzionale:<\/b><\/span> Marchio, accessori, inserto divisorio<\/p>\n<\/li>\n<\/ul>\n<hr>\n<h3><b>Caso d&#8217;uso<\/b><\/h3>\n<p class=\"p4\"><b>Compatto e intelligente, perfetto per l&#8217;uso quotidiano.<\/b><b><\/b><\/p>\n<p class=\"p3\">LUCY 70 \u00e8 ideale per aziende e privati che cercano una soluzione di carico snella ed efficiente, senza il peso o l&#8217;ingombro di cassoni anteriori pi\u00f9 grandi.<\/p>\n<hr>\n<h3><b>Consegna e installazione<\/b><\/h3>\n<ul>\n<li>\n<p class=\"p1\">Consegnato preassemblato o imballato (su richiesta)<\/p>\n<\/li>\n<li>\n<p class=\"p1\">Montaggio disponibile attraverso i nostri partner<\/p>\n<\/li>\n<li>\n<p class=\"p1\">\u00c8 possibile personalizzare il marchio e la configurazione<\/p>\n<\/li>\n<\/ul>\n<hr>\n<h3><b>Sei interessato?<\/b><\/h3>\n<p class=\"p3\">\u00c8 possibile acquistare LUCY 70 direttamente o contattarci per configurazioni personalizzate e ordini B2B.<\/p>\n","protected":false},"excerpt":{"rendered":"<p><strong>Lucy 70<\/strong> \u00e8 il nostro box compatto e leggero per biciclette da carico a due ruote con telaio pi\u00f9 stretto.<br \/>\nIdeale per il trasporto quotidiano, per attivit\u00e0 commerciali leggere o per commissioni urbane.<\/p>\n","protected":false},"featured_media":2166,"template":"","meta":{"_kadence_starter_templates_imported_post":false,"_kad_post_transparent":"default","_kad_post_title":"","_kad_post_layout":"default","_kad_post_sidebar_id":"","_kad_post_content_style":"default","_kad_post_vertical_padding":"default","_kad_post_feature":"","_kad_post_feature_position":"","_kad_post_header":false,"_kad_post_footer":false,"_kad_post_classname":""},"product_brand":[],"product_cat":[96,79],"product_tag":[],"class_list":{"0":"post-1909","1":"product","2":"type-product","3":"status-publish","4":"has-post-thumbnail","6":"product_cat-lucy-70-it","7":"product_cat-scatole-con-caricatore-frontale","8":"product_shipping_class-dpd-xl-315-kg","10":"first","11":"instock","12":"taxable","13":"shipping-taxable","14":"purchasable","15":"product-type-variable","16":"entry","17":"content-bg","18":"loop-entry"},"yoast_head":"<!-- This site is optimized with the Yoast SEO plugin v27.3 - https:\/\/yoast.com\/product\/yoast-seo-wordpress\/ -->\n<title>LUCY 70 - cassone anteriore compatto - HYPABOX<\/title>\n<meta name=\"description\" content=\"Cassone leggero a caricamento frontale per Bullitt e Urban Arrow Cargo L. Ideale per il trasporto urbano quotidiano in ambito lavorativo o privato. Volume: 291 L.\" \/>\n<meta name=\"robots\" content=\"index, follow, max-snippet:-1, max-image-preview:large, max-video-preview:-1\" \/>\n<link rel=\"canonical\" href=\"https:\/\/hypabox.com\/it\/prodotto\/scatole-con-caricatore-frontale-copy\/\" \/>\n<meta property=\"og:locale\" content=\"it_IT\" \/>\n<meta property=\"og:type\" content=\"article\" \/>\n<meta property=\"og:title\" content=\"LUCY 70 - cassone anteriore compatto - HYPABOX\" \/>\n<meta property=\"og:description\" content=\"Cassone leggero a caricamento frontale per Bullitt e Urban Arrow Cargo L. Ideale per il trasporto urbano quotidiano in ambito lavorativo o privato. Volume: 291 L.\" \/>\n<meta property=\"og:url\" content=\"https:\/\/hypabox.com\/it\/prodotto\/scatole-con-caricatore-frontale-copy\/\" \/>\n<meta property=\"og:site_name\" content=\"HYPABOX\" \/>\n<meta property=\"article:modified_time\" content=\"2025-07-08T17:15:40+00:00\" \/>\n<meta property=\"og:image\" content=\"https:\/\/hypabox.com\/wp-content\/uploads\/2025\/07\/LH-HS-01-001-scaled.jpg\" \/>\n\t<meta property=\"og:image:width\" content=\"2560\" \/>\n\t<meta property=\"og:image:height\" content=\"2335\" \/>\n\t<meta property=\"og:image:type\" content=\"image\/jpeg\" \/>\n<meta name=\"twitter:card\" content=\"summary_large_image\" \/>\n<meta name=\"twitter:label1\" content=\"Tempo di lettura stimato\" \/>\n\t<meta name=\"twitter:data1\" content=\"1 minuto\" \/>\n<script type=\"application\/ld+json\" class=\"yoast-schema-graph\">{\"@context\":\"https:\\\/\\\/schema.org\",\"@graph\":[{\"@type\":\"WebPage\",\"@id\":\"https:\\\/\\\/hypabox.com\\\/it\\\/prodotto\\\/scatole-con-caricatore-frontale-copy\\\/\",\"url\":\"https:\\\/\\\/hypabox.com\\\/it\\\/prodotto\\\/scatole-con-caricatore-frontale-copy\\\/\",\"name\":\"LUCY 70 - cassone anteriore compatto - HYPABOX\",\"isPartOf\":{\"@id\":\"https:\\\/\\\/hypabox.com\\\/it\\\/#website\"},\"primaryImageOfPage\":{\"@id\":\"https:\\\/\\\/hypabox.com\\\/it\\\/prodotto\\\/scatole-con-caricatore-frontale-copy\\\/#primaryimage\"},\"image\":{\"@id\":\"https:\\\/\\\/hypabox.com\\\/it\\\/prodotto\\\/scatole-con-caricatore-frontale-copy\\\/#primaryimage\"},\"thumbnailUrl\":\"https:\\\/\\\/hypabox.com\\\/wp-content\\\/uploads\\\/2025\\\/07\\\/LH-HS-01-001-scaled.jpg\",\"datePublished\":\"2025-07-07T20:16:06+00:00\",\"dateModified\":\"2025-07-08T17:15:40+00:00\",\"description\":\"Cassone leggero a caricamento frontale per Bullitt e Urban Arrow Cargo L. Ideale per il trasporto urbano quotidiano in ambito lavorativo o privato. Volume: 291 L.\",\"breadcrumb\":{\"@id\":\"https:\\\/\\\/hypabox.com\\\/it\\\/prodotto\\\/scatole-con-caricatore-frontale-copy\\\/#breadcrumb\"},\"inLanguage\":\"it-IT\",\"potentialAction\":[{\"@type\":\"ReadAction\",\"target\":[\"https:\\\/\\\/hypabox.com\\\/it\\\/prodotto\\\/scatole-con-caricatore-frontale-copy\\\/\"]}]},{\"@type\":\"ImageObject\",\"inLanguage\":\"it-IT\",\"@id\":\"https:\\\/\\\/hypabox.com\\\/it\\\/prodotto\\\/scatole-con-caricatore-frontale-copy\\\/#primaryimage\",\"url\":\"https:\\\/\\\/hypabox.com\\\/wp-content\\\/uploads\\\/2025\\\/07\\\/LH-HS-01-001-scaled.jpg\",\"contentUrl\":\"https:\\\/\\\/hypabox.com\\\/wp-content\\\/uploads\\\/2025\\\/07\\\/LH-HS-01-001-scaled.jpg\",\"width\":2560,\"height\":2335},{\"@type\":\"BreadcrumbList\",\"@id\":\"https:\\\/\\\/hypabox.com\\\/it\\\/prodotto\\\/scatole-con-caricatore-frontale-copy\\\/#breadcrumb\",\"itemListElement\":[{\"@type\":\"ListItem\",\"position\":1,\"name\":\"Casa\",\"item\":\"https:\\\/\\\/hypabox.com\\\/it\\\/\"},{\"@type\":\"ListItem\",\"position\":2,\"name\":\"Negozio\",\"item\":\"https:\\\/\\\/hypabox.com\\\/it\\\/negozio\\\/\"},{\"@type\":\"ListItem\",\"position\":3,\"name\":\"LUCY 70 - cassone anteriore compatto\"}]},{\"@type\":\"WebSite\",\"@id\":\"https:\\\/\\\/hypabox.com\\\/it\\\/#website\",\"url\":\"https:\\\/\\\/hypabox.com\\\/it\\\/\",\"name\":\"HYPABOX\",\"description\":\"Heavy Duty Yet Perfectly Agile\",\"publisher\":{\"@id\":\"https:\\\/\\\/hypabox.com\\\/it\\\/#organization\"},\"potentialAction\":[{\"@type\":\"SearchAction\",\"target\":{\"@type\":\"EntryPoint\",\"urlTemplate\":\"https:\\\/\\\/hypabox.com\\\/it\\\/?s={search_term_string}\"},\"query-input\":{\"@type\":\"PropertyValueSpecification\",\"valueRequired\":true,\"valueName\":\"search_term_string\"}}],\"inLanguage\":\"it-IT\"},{\"@type\":\"Organization\",\"@id\":\"https:\\\/\\\/hypabox.com\\\/it\\\/#organization\",\"name\":\"HYPABOX c\\\/o B\u00e4cher Bergmann GmbH\",\"url\":\"https:\\\/\\\/hypabox.com\\\/it\\\/\",\"logo\":{\"@type\":\"ImageObject\",\"inLanguage\":\"it-IT\",\"@id\":\"https:\\\/\\\/hypabox.com\\\/it\\\/#\\\/schema\\\/logo\\\/image\\\/\",\"url\":\"https:\\\/\\\/hypabox.com\\\/wp-content\\\/uploads\\\/2025\\\/06\\\/230930_hypabox_logo_white_white_v3.3.png\",\"contentUrl\":\"https:\\\/\\\/hypabox.com\\\/wp-content\\\/uploads\\\/2025\\\/06\\\/230930_hypabox_logo_white_white_v3.3.png\",\"width\":1587,\"height\":512,\"caption\":\"HYPABOX c\\\/o B\u00e4cher Bergmann GmbH\"},\"image\":{\"@id\":\"https:\\\/\\\/hypabox.com\\\/it\\\/#\\\/schema\\\/logo\\\/image\\\/\"},\"sameAs\":[\"https:\\\/\\\/www.linkedin.com\\\/company\\\/hypabox\"]}]}<\/script>\n<!-- \/ Yoast SEO plugin. -->","yoast_head_json":{"title":"LUCY 70 - cassone anteriore compatto - HYPABOX","description":"Cassone leggero a caricamento frontale per Bullitt e Urban Arrow Cargo L. Ideale per il trasporto urbano quotidiano in ambito lavorativo o privato. Volume: 291 L.","robots":{"index":"index","follow":"follow","max-snippet":"max-snippet:-1","max-image-preview":"max-image-preview:large","max-video-preview":"max-video-preview:-1"},"canonical":"https:\/\/hypabox.com\/it\/prodotto\/scatole-con-caricatore-frontale-copy\/","og_locale":"it_IT","og_type":"article","og_title":"LUCY 70 - cassone anteriore compatto - HYPABOX","og_description":"Cassone leggero a caricamento frontale per Bullitt e Urban Arrow Cargo L. Ideale per il trasporto urbano quotidiano in ambito lavorativo o privato. Volume: 291 L.","og_url":"https:\/\/hypabox.com\/it\/prodotto\/scatole-con-caricatore-frontale-copy\/","og_site_name":"HYPABOX","article_modified_time":"2025-07-08T17:15:40+00:00","og_image":[{"width":2560,"height":2335,"url":"https:\/\/hypabox.com\/wp-content\/uploads\/2025\/07\/LH-HS-01-001-scaled.jpg","type":"image\/jpeg"}],"twitter_card":"summary_large_image","twitter_misc":{"Tempo di lettura stimato":"1 minuto"},"schema":{"@context":"https:\/\/schema.org","@graph":[{"@type":"WebPage","@id":"https:\/\/hypabox.com\/it\/prodotto\/scatole-con-caricatore-frontale-copy\/","url":"https:\/\/hypabox.com\/it\/prodotto\/scatole-con-caricatore-frontale-copy\/","name":"LUCY 70 - cassone anteriore compatto - HYPABOX","isPartOf":{"@id":"https:\/\/hypabox.com\/it\/#website"},"primaryImageOfPage":{"@id":"https:\/\/hypabox.com\/it\/prodotto\/scatole-con-caricatore-frontale-copy\/#primaryimage"},"image":{"@id":"https:\/\/hypabox.com\/it\/prodotto\/scatole-con-caricatore-frontale-copy\/#primaryimage"},"thumbnailUrl":"https:\/\/hypabox.com\/wp-content\/uploads\/2025\/07\/LH-HS-01-001-scaled.jpg","datePublished":"2025-07-07T20:16:06+00:00","dateModified":"2025-07-08T17:15:40+00:00","description":"Cassone leggero a caricamento frontale per Bullitt e Urban Arrow Cargo L. Ideale per il trasporto urbano quotidiano in ambito lavorativo o privato. Volume: 291 L.","breadcrumb":{"@id":"https:\/\/hypabox.com\/it\/prodotto\/scatole-con-caricatore-frontale-copy\/#breadcrumb"},"inLanguage":"it-IT","potentialAction":[{"@type":"ReadAction","target":["https:\/\/hypabox.com\/it\/prodotto\/scatole-con-caricatore-frontale-copy\/"]}]},{"@type":"ImageObject","inLanguage":"it-IT","@id":"https:\/\/hypabox.com\/it\/prodotto\/scatole-con-caricatore-frontale-copy\/#primaryimage","url":"https:\/\/hypabox.com\/wp-content\/uploads\/2025\/07\/LH-HS-01-001-scaled.jpg","contentUrl":"https:\/\/hypabox.com\/wp-content\/uploads\/2025\/07\/LH-HS-01-001-scaled.jpg","width":2560,"height":2335},{"@type":"BreadcrumbList","@id":"https:\/\/hypabox.com\/it\/prodotto\/scatole-con-caricatore-frontale-copy\/#breadcrumb","itemListElement":[{"@type":"ListItem","position":1,"name":"Casa","item":"https:\/\/hypabox.com\/it\/"},{"@type":"ListItem","position":2,"name":"Negozio","item":"https:\/\/hypabox.com\/it\/negozio\/"},{"@type":"ListItem","position":3,"name":"LUCY 70 - cassone anteriore compatto"}]},{"@type":"WebSite","@id":"https:\/\/hypabox.com\/it\/#website","url":"https:\/\/hypabox.com\/it\/","name":"HYPABOX","description":"Heavy Duty Yet Perfectly Agile","publisher":{"@id":"https:\/\/hypabox.com\/it\/#organization"},"potentialAction":[{"@type":"SearchAction","target":{"@type":"EntryPoint","urlTemplate":"https:\/\/hypabox.com\/it\/?s={search_term_string}"},"query-input":{"@type":"PropertyValueSpecification","valueRequired":true,"valueName":"search_term_string"}}],"inLanguage":"it-IT"},{"@type":"Organization","@id":"https:\/\/hypabox.com\/it\/#organization","name":"HYPABOX c\/o B\u00e4cher Bergmann GmbH","url":"https:\/\/hypabox.com\/it\/","logo":{"@type":"ImageObject","inLanguage":"it-IT","@id":"https:\/\/hypabox.com\/it\/#\/schema\/logo\/image\/","url":"https:\/\/hypabox.com\/wp-content\/uploads\/2025\/06\/230930_hypabox_logo_white_white_v3.3.png","contentUrl":"https:\/\/hypabox.com\/wp-content\/uploads\/2025\/06\/230930_hypabox_logo_white_white_v3.3.png","width":1587,"height":512,"caption":"HYPABOX c\/o B\u00e4cher Bergmann GmbH"},"image":{"@id":"https:\/\/hypabox.com\/it\/#\/schema\/logo\/image\/"},"sameAs":["https:\/\/www.linkedin.com\/company\/hypabox"]}]}},"jetpack_sharing_enabled":true,"_links":{"self":[{"href":"https:\/\/hypabox.com\/it\/wp-json\/wp\/v2\/product\/1909","targetHints":{"allow":["GET"]}}],"collection":[{"href":"https:\/\/hypabox.com\/it\/wp-json\/wp\/v2\/product"}],"about":[{"href":"https:\/\/hypabox.com\/it\/wp-json\/wp\/v2\/types\/product"}],"wp:featuredmedia":[{"embeddable":true,"href":"https:\/\/hypabox.com\/it\/wp-json\/wp\/v2\/media\/2166"}],"wp:attachment":[{"href":"https:\/\/hypabox.com\/it\/wp-json\/wp\/v2\/media?parent=1909"}],"wp:term":[{"taxonomy":"product_brand","embeddable":true,"href":"https:\/\/hypabox.com\/it\/wp-json\/wp\/v2\/product_brand?post=1909"},{"taxonomy":"product_cat","embeddable":true,"href":"https:\/\/hypabox.com\/it\/wp-json\/wp\/v2\/product_cat?post=1909"},{"taxonomy":"product_tag","embeddable":true,"href":"https:\/\/hypabox.com\/it\/wp-json\/wp\/v2\/product_tag?post=1909"}],"curies":[{"name":"wp","href":"https:\/\/api.w.org\/{rel}","templated":true}]}}