{"id":2245,"date":"2025-07-08T00:36:26","date_gmt":"2025-07-07T22:36:26","guid":{"rendered":"https:\/\/hypabox.com\/product\/lucy-80-box-compatto-a-caricamento-frontale\/"},"modified":"2025-07-08T19:05:37","modified_gmt":"2025-07-08T17:05:37","slug":"lucy-80-box-compatto-a-caricamento-frontale","status":"publish","type":"product","link":"https:\/\/hypabox.com\/it\/prodotto\/lucy-80-box-compatto-a-caricamento-frontale\/","title":{"rendered":"LUCY 80 - Box compatto a caricamento frontale"},"content":{"rendered":"<h2><b>LUCY 80 - Box versatile a caricamento frontale per carichi pi\u00f9 grandi<\/b><\/h2>\n<h3><b>Spaziosa, affidabile e pronta per le tue attivit\u00e0 di trasporto.<\/b><\/h3>\n<p class=\"p3\"><span class=\"s2\"><b>LUCY 80<\/b><\/span> \u00e8 il nostro cassone pi\u00f9 grande progettato per le bici da carico con pi\u00f9 spazio davanti. Se devi consegnare merci, trasportare attrezzi o semplicemente trasportare di pi\u00f9, Lucy 80 offre il mix ideale di volume, stabilit\u00e0 e design pratico. <\/p>\n<hr>\n<h3><b>Specifiche tecniche<\/b><\/h3>\n<ul>\n<li>\n<p class=\"p1\"><span class=\"s1\"><b>Volume:<\/b><\/span> 336 litri<\/p>\n<\/li>\n<li>\n<p class=\"p1\"><span class=\"s1\"><b>Peso:<\/b><\/span> 21,9 - 23,4 kg<\/p>\n<\/li>\n<li>\n<p class=\"p1\"><b>Dimensioni interne (L \u00d7 W \u00d7 H):<\/b><span class=\"s1\"> 804 \u00d7 625 \u00d7 600 mm<\/span><\/p>\n<\/li>\n<li>\n<p class=\"p1\"><b>Larghezza esterna:<\/b><span class=\"s1\"> 648 mm<\/span><\/p>\n<\/li>\n<li>\n<p class=\"p1\"><span class=\"s1\"><b>Sistema di chiusura:<\/b><\/span> Serratura meccanica<\/p>\n<\/li>\n<li>\n<p class=\"p1\"><span class=\"s1\"><b>Materiali:<\/b><\/span> Pannelli in PP saldati con bordi in alluminio<\/p>\n<\/li>\n<li>\n<p class=\"p1\"><span class=\"s1\"><b>Coperchio:<\/b><\/span> Coperchio scorrevole in acrilico, robusta struttura in due parti<\/p>\n<\/li>\n<li>\n<p class=\"p1\"><span class=\"s1\"><b>Opzionale:<\/b><\/span> Marchio personalizzato, inserto per scaffale, opzioni per accessori<\/p>\n<\/li>\n<\/ul>\n<hr>\n<h3><b>Caso d&#8217;uso<\/b><\/h3>\n<p class=\"p1\"><b>Spazioso e robusto: il box tuttofare per il trasporto quotidiano.<\/b><b><\/b><\/p>\n<p class=\"p2\">Perfetta per gli usi commerciali leggeri, per i servizi municipali o per le esigenze di trasporto privato, Lucy 80 offre un volume maggiore senza compromettere l&#8217;usabilit\u00e0.<\/p>\n<hr>\n<h3><b>Consegna e installazione<\/b><\/h3>\n<ul>\n<li>\n<p class=\"p1\">Viene spedito completamente assemblato o imballato su richiesta.<\/p>\n<\/li>\n<li>\n<p class=\"p1\">Installazione semplice con il kit di adattamento<\/p>\n<\/li>\n<li>\n<p class=\"p1\">Possibilit\u00e0 di personalizzazione del marchio per flotte e partner<\/p>\n<\/li>\n<\/ul>\n<hr>\n<h3><b>Sei interessato?<\/b><\/h3>\n<p class=\"p1\"><strong>LUCY 80<\/strong> \u00e8 disponibile per l&#8217;acquisto diretto o per la distribuzione B2B: facci sapere di quale configurazione hai bisogno!<\/p>\n","protected":false},"excerpt":{"rendered":"<p><strong>LUCY 80<\/strong> offre pi\u00f9 volume e flessibilit\u00e0 per il tuo trasporto quotidiano di merci.<br \/>\nCostruito per le biciclette a caricamento frontale pi\u00f9 grandi, \u00e8 la soluzione perfetta per l&#8217;uso professionale o personale.<\/p>\n","protected":false},"featured_media":2172,"template":"","meta":{"_kadence_starter_templates_imported_post":false,"_kad_post_transparent":"","_kad_post_title":"","_kad_post_layout":"","_kad_post_sidebar_id":"","_kad_post_content_style":"","_kad_post_vertical_padding":"","_kad_post_feature":"","_kad_post_feature_position":"","_kad_post_header":false,"_kad_post_footer":false,"_kad_post_classname":""},"product_brand":[],"product_cat":[104,79],"product_tag":[],"class_list":{"0":"post-2245","1":"product","2":"type-product","3":"status-publish","4":"has-post-thumbnail","6":"product_cat-lucy-80-it","7":"product_cat-scatole-con-caricatore-frontale","8":"product_shipping_class-dpd-xl-315-kg","10":"first","11":"instock","12":"taxable","13":"shipping-taxable","14":"purchasable","15":"product-type-variable","16":"has-default-attributes","17":"entry","18":"content-bg","19":"loop-entry"},"yoast_head":"<!-- This site is optimized with the Yoast SEO plugin v27.5 - https:\/\/yoast.com\/product\/yoast-seo-wordpress\/ -->\n<title>LUCY 80 - Box compatto a caricamento frontale - HYPABOX<\/title>\n<meta name=\"description\" content=\"Spazioso cassone frontale per BullittX, Cargo XL, Rapid e altri. Perfetto per un trasporto urbano flessibile. Volume: 336 L.\" \/>\n<meta name=\"robots\" content=\"index, follow, max-snippet:-1, max-image-preview:large, max-video-preview:-1\" \/>\n<link rel=\"canonical\" href=\"https:\/\/hypabox.com\/it\/prodotto\/lucy-80-box-compatto-a-caricamento-frontale\/\" \/>\n<meta property=\"og:locale\" content=\"it_IT\" \/>\n<meta property=\"og:type\" content=\"article\" \/>\n<meta property=\"og:title\" content=\"LUCY 80 - Box compatto a caricamento frontale - HYPABOX\" \/>\n<meta property=\"og:description\" content=\"Spazioso cassone frontale per BullittX, Cargo XL, Rapid e altri. Perfetto per un trasporto urbano flessibile. Volume: 336 L.\" \/>\n<meta property=\"og:url\" content=\"https:\/\/hypabox.com\/it\/prodotto\/lucy-80-box-compatto-a-caricamento-frontale\/\" \/>\n<meta property=\"og:site_name\" content=\"HYPABOX\" \/>\n<meta property=\"article:modified_time\" content=\"2025-07-08T17:05:37+00:00\" \/>\n<meta property=\"og:image\" content=\"https:\/\/hypabox.com\/wp-content\/uploads\/2025\/07\/20241220_145228-2-scaled.jpg\" \/>\n\t<meta property=\"og:image:width\" content=\"2560\" \/>\n\t<meta property=\"og:image:height\" content=\"1920\" \/>\n\t<meta property=\"og:image:type\" content=\"image\/jpeg\" \/>\n<meta name=\"twitter:card\" content=\"summary_large_image\" \/>\n<meta name=\"twitter:label1\" content=\"Tempo di lettura stimato\" \/>\n\t<meta name=\"twitter:data1\" content=\"1 minuto\" \/>\n<script type=\"application\/ld+json\" class=\"yoast-schema-graph\">{\"@context\":\"https:\\\/\\\/schema.org\",\"@graph\":[{\"@type\":\"WebPage\",\"@id\":\"https:\\\/\\\/hypabox.com\\\/it\\\/prodotto\\\/lucy-80-box-compatto-a-caricamento-frontale\\\/\",\"url\":\"https:\\\/\\\/hypabox.com\\\/it\\\/prodotto\\\/lucy-80-box-compatto-a-caricamento-frontale\\\/\",\"name\":\"LUCY 80 - Box compatto a caricamento frontale - HYPABOX\",\"isPartOf\":{\"@id\":\"https:\\\/\\\/hypabox.com\\\/it\\\/#website\"},\"primaryImageOfPage\":{\"@id\":\"https:\\\/\\\/hypabox.com\\\/it\\\/prodotto\\\/lucy-80-box-compatto-a-caricamento-frontale\\\/#primaryimage\"},\"image\":{\"@id\":\"https:\\\/\\\/hypabox.com\\\/it\\\/prodotto\\\/lucy-80-box-compatto-a-caricamento-frontale\\\/#primaryimage\"},\"thumbnailUrl\":\"https:\\\/\\\/hypabox.com\\\/wp-content\\\/uploads\\\/2025\\\/07\\\/20241220_145228-2-scaled.jpg\",\"datePublished\":\"2025-07-07T22:36:26+00:00\",\"dateModified\":\"2025-07-08T17:05:37+00:00\",\"description\":\"Spazioso cassone frontale per BullittX, Cargo XL, Rapid e altri. Perfetto per un trasporto urbano flessibile. Volume: 336 L.\",\"breadcrumb\":{\"@id\":\"https:\\\/\\\/hypabox.com\\\/it\\\/prodotto\\\/lucy-80-box-compatto-a-caricamento-frontale\\\/#breadcrumb\"},\"inLanguage\":\"it-IT\",\"potentialAction\":[{\"@type\":\"ReadAction\",\"target\":[\"https:\\\/\\\/hypabox.com\\\/it\\\/prodotto\\\/lucy-80-box-compatto-a-caricamento-frontale\\\/\"]}]},{\"@type\":\"ImageObject\",\"inLanguage\":\"it-IT\",\"@id\":\"https:\\\/\\\/hypabox.com\\\/it\\\/prodotto\\\/lucy-80-box-compatto-a-caricamento-frontale\\\/#primaryimage\",\"url\":\"https:\\\/\\\/hypabox.com\\\/wp-content\\\/uploads\\\/2025\\\/07\\\/20241220_145228-2-scaled.jpg\",\"contentUrl\":\"https:\\\/\\\/hypabox.com\\\/wp-content\\\/uploads\\\/2025\\\/07\\\/20241220_145228-2-scaled.jpg\",\"width\":2560,\"height\":1920},{\"@type\":\"BreadcrumbList\",\"@id\":\"https:\\\/\\\/hypabox.com\\\/it\\\/prodotto\\\/lucy-80-box-compatto-a-caricamento-frontale\\\/#breadcrumb\",\"itemListElement\":[{\"@type\":\"ListItem\",\"position\":1,\"name\":\"Casa\",\"item\":\"https:\\\/\\\/hypabox.com\\\/it\\\/\"},{\"@type\":\"ListItem\",\"position\":2,\"name\":\"Negozio\",\"item\":\"https:\\\/\\\/hypabox.com\\\/it\\\/negozio\\\/\"},{\"@type\":\"ListItem\",\"position\":3,\"name\":\"LUCY 80 - Box compatto a caricamento frontale\"}]},{\"@type\":\"WebSite\",\"@id\":\"https:\\\/\\\/hypabox.com\\\/it\\\/#website\",\"url\":\"https:\\\/\\\/hypabox.com\\\/it\\\/\",\"name\":\"HYPABOX\",\"description\":\"Heavy Duty Yet Perfectly Agile\",\"publisher\":{\"@id\":\"https:\\\/\\\/hypabox.com\\\/it\\\/#organization\"},\"potentialAction\":[{\"@type\":\"SearchAction\",\"target\":{\"@type\":\"EntryPoint\",\"urlTemplate\":\"https:\\\/\\\/hypabox.com\\\/it\\\/?s={search_term_string}\"},\"query-input\":{\"@type\":\"PropertyValueSpecification\",\"valueRequired\":true,\"valueName\":\"search_term_string\"}}],\"inLanguage\":\"it-IT\"},{\"@type\":\"Organization\",\"@id\":\"https:\\\/\\\/hypabox.com\\\/it\\\/#organization\",\"name\":\"HYPABOX c\\\/o B\u00e4cher Bergmann GmbH\",\"url\":\"https:\\\/\\\/hypabox.com\\\/it\\\/\",\"logo\":{\"@type\":\"ImageObject\",\"inLanguage\":\"it-IT\",\"@id\":\"https:\\\/\\\/hypabox.com\\\/it\\\/#\\\/schema\\\/logo\\\/image\\\/\",\"url\":\"https:\\\/\\\/hypabox.com\\\/wp-content\\\/uploads\\\/2025\\\/06\\\/230930_hypabox_logo_white_white_v3.3.png\",\"contentUrl\":\"https:\\\/\\\/hypabox.com\\\/wp-content\\\/uploads\\\/2025\\\/06\\\/230930_hypabox_logo_white_white_v3.3.png\",\"width\":1587,\"height\":512,\"caption\":\"HYPABOX c\\\/o B\u00e4cher Bergmann GmbH\"},\"image\":{\"@id\":\"https:\\\/\\\/hypabox.com\\\/it\\\/#\\\/schema\\\/logo\\\/image\\\/\"},\"sameAs\":[\"https:\\\/\\\/www.linkedin.com\\\/company\\\/hypabox\"]}]}<\/script>\n<!-- \/ Yoast SEO plugin. -->","yoast_head_json":{"title":"LUCY 80 - Box compatto a caricamento frontale - HYPABOX","description":"Spazioso cassone frontale per BullittX, Cargo XL, Rapid e altri. Perfetto per un trasporto urbano flessibile. Volume: 336 L.","robots":{"index":"index","follow":"follow","max-snippet":"max-snippet:-1","max-image-preview":"max-image-preview:large","max-video-preview":"max-video-preview:-1"},"canonical":"https:\/\/hypabox.com\/it\/prodotto\/lucy-80-box-compatto-a-caricamento-frontale\/","og_locale":"it_IT","og_type":"article","og_title":"LUCY 80 - Box compatto a caricamento frontale - HYPABOX","og_description":"Spazioso cassone frontale per BullittX, Cargo XL, Rapid e altri. Perfetto per un trasporto urbano flessibile. Volume: 336 L.","og_url":"https:\/\/hypabox.com\/it\/prodotto\/lucy-80-box-compatto-a-caricamento-frontale\/","og_site_name":"HYPABOX","article_modified_time":"2025-07-08T17:05:37+00:00","og_image":[{"width":2560,"height":1920,"url":"https:\/\/hypabox.com\/wp-content\/uploads\/2025\/07\/20241220_145228-2-scaled.jpg","type":"image\/jpeg"}],"twitter_card":"summary_large_image","twitter_misc":{"Tempo di lettura stimato":"1 minuto"},"schema":{"@context":"https:\/\/schema.org","@graph":[{"@type":"WebPage","@id":"https:\/\/hypabox.com\/it\/prodotto\/lucy-80-box-compatto-a-caricamento-frontale\/","url":"https:\/\/hypabox.com\/it\/prodotto\/lucy-80-box-compatto-a-caricamento-frontale\/","name":"LUCY 80 - Box compatto a caricamento frontale - HYPABOX","isPartOf":{"@id":"https:\/\/hypabox.com\/it\/#website"},"primaryImageOfPage":{"@id":"https:\/\/hypabox.com\/it\/prodotto\/lucy-80-box-compatto-a-caricamento-frontale\/#primaryimage"},"image":{"@id":"https:\/\/hypabox.com\/it\/prodotto\/lucy-80-box-compatto-a-caricamento-frontale\/#primaryimage"},"thumbnailUrl":"https:\/\/hypabox.com\/wp-content\/uploads\/2025\/07\/20241220_145228-2-scaled.jpg","datePublished":"2025-07-07T22:36:26+00:00","dateModified":"2025-07-08T17:05:37+00:00","description":"Spazioso cassone frontale per BullittX, Cargo XL, Rapid e altri. Perfetto per un trasporto urbano flessibile. Volume: 336 L.","breadcrumb":{"@id":"https:\/\/hypabox.com\/it\/prodotto\/lucy-80-box-compatto-a-caricamento-frontale\/#breadcrumb"},"inLanguage":"it-IT","potentialAction":[{"@type":"ReadAction","target":["https:\/\/hypabox.com\/it\/prodotto\/lucy-80-box-compatto-a-caricamento-frontale\/"]}]},{"@type":"ImageObject","inLanguage":"it-IT","@id":"https:\/\/hypabox.com\/it\/prodotto\/lucy-80-box-compatto-a-caricamento-frontale\/#primaryimage","url":"https:\/\/hypabox.com\/wp-content\/uploads\/2025\/07\/20241220_145228-2-scaled.jpg","contentUrl":"https:\/\/hypabox.com\/wp-content\/uploads\/2025\/07\/20241220_145228-2-scaled.jpg","width":2560,"height":1920},{"@type":"BreadcrumbList","@id":"https:\/\/hypabox.com\/it\/prodotto\/lucy-80-box-compatto-a-caricamento-frontale\/#breadcrumb","itemListElement":[{"@type":"ListItem","position":1,"name":"Casa","item":"https:\/\/hypabox.com\/it\/"},{"@type":"ListItem","position":2,"name":"Negozio","item":"https:\/\/hypabox.com\/it\/negozio\/"},{"@type":"ListItem","position":3,"name":"LUCY 80 - Box compatto a caricamento frontale"}]},{"@type":"WebSite","@id":"https:\/\/hypabox.com\/it\/#website","url":"https:\/\/hypabox.com\/it\/","name":"HYPABOX","description":"Heavy Duty Yet Perfectly Agile","publisher":{"@id":"https:\/\/hypabox.com\/it\/#organization"},"potentialAction":[{"@type":"SearchAction","target":{"@type":"EntryPoint","urlTemplate":"https:\/\/hypabox.com\/it\/?s={search_term_string}"},"query-input":{"@type":"PropertyValueSpecification","valueRequired":true,"valueName":"search_term_string"}}],"inLanguage":"it-IT"},{"@type":"Organization","@id":"https:\/\/hypabox.com\/it\/#organization","name":"HYPABOX c\/o B\u00e4cher Bergmann GmbH","url":"https:\/\/hypabox.com\/it\/","logo":{"@type":"ImageObject","inLanguage":"it-IT","@id":"https:\/\/hypabox.com\/it\/#\/schema\/logo\/image\/","url":"https:\/\/hypabox.com\/wp-content\/uploads\/2025\/06\/230930_hypabox_logo_white_white_v3.3.png","contentUrl":"https:\/\/hypabox.com\/wp-content\/uploads\/2025\/06\/230930_hypabox_logo_white_white_v3.3.png","width":1587,"height":512,"caption":"HYPABOX c\/o B\u00e4cher Bergmann GmbH"},"image":{"@id":"https:\/\/hypabox.com\/it\/#\/schema\/logo\/image\/"},"sameAs":["https:\/\/www.linkedin.com\/company\/hypabox"]}]}},"jetpack_sharing_enabled":true,"_links":{"self":[{"href":"https:\/\/hypabox.com\/it\/wp-json\/wp\/v2\/product\/2245","targetHints":{"allow":["GET"]}}],"collection":[{"href":"https:\/\/hypabox.com\/it\/wp-json\/wp\/v2\/product"}],"about":[{"href":"https:\/\/hypabox.com\/it\/wp-json\/wp\/v2\/types\/product"}],"wp:featuredmedia":[{"embeddable":true,"href":"https:\/\/hypabox.com\/it\/wp-json\/wp\/v2\/media\/2172"}],"wp:attachment":[{"href":"https:\/\/hypabox.com\/it\/wp-json\/wp\/v2\/media?parent=2245"}],"wp:term":[{"taxonomy":"product_brand","embeddable":true,"href":"https:\/\/hypabox.com\/it\/wp-json\/wp\/v2\/product_brand?post=2245"},{"taxonomy":"product_cat","embeddable":true,"href":"https:\/\/hypabox.com\/it\/wp-json\/wp\/v2\/product_cat?post=2245"},{"taxonomy":"product_tag","embeddable":true,"href":"https:\/\/hypabox.com\/it\/wp-json\/wp\/v2\/product_tag?post=2245"}],"curies":[{"name":"wp","href":"https:\/\/api.w.org\/{rel}","templated":true}]}}